{"id":10826,"date":"2018-05-14T17:35:47","date_gmt":"2018-05-14T15:35:47","guid":{"rendered":"https:\/\/karolowka.pl\/en\/?page_id=10826"},"modified":"2021-02-09T15:57:23","modified_gmt":"2021-02-09T14:57:23","slug":"saint-andrews-party-zakopane","status":"publish","type":"page","link":"https:\/\/karolowka.pl\/en\/saint-andrews-party-zakopane\/","title":{"rendered":"Saint Andrew&#8217;s Party Zakopane"},"content":{"rendered":"<p>[et_pb_section fb_built=&#8221;1&#8243; admin_label=&#8221;section&#8221; _builder_version=&#8221;3.22&#8243; background_image=&#8221;https:\/\/karolowka.pl\/wp-content\/uploads\/2017\/05\/tatry-wsch\u00f3d-s\u0142o\u0144ca.jpg&#8221; parallax=&#8221;on&#8221; parallax_method=&#8221;off&#8221; transparent_background=&#8221;off&#8221; make_fullwidth=&#8221;off&#8221; use_custom_width=&#8221;off&#8221; width_unit=&#8221;on&#8221;][et_pb_row _builder_version=&#8221;3.25&#8243; background_color=&#8221;rgba(247,247,247,0.89)&#8221; background_size=&#8221;initial&#8221; background_position=&#8221;top_left&#8221; background_repeat=&#8221;repeat&#8221; make_fullwidth=&#8221;off&#8221; use_custom_width=&#8221;off&#8221; width_unit=&#8221;on&#8221;][et_pb_column type=&#8221;4_4&#8243; _builder_version=&#8221;3.25&#8243; custom_padding=&#8221;0%|5%|5%|5%&#8221; custom_padding__hover=&#8221;|||&#8221;][et_pb_cta title=&#8221;<\/p>\n<h2>Saint Andrew&#8217;s Party in Zakopane &#8211; the offer is valid from 26 November till 30 November 2021<\/h2>\n<p>&#8221; button_url=&#8221;https:\/\/karolowka.pl\/en\/booking\/&#8221; button_text=&#8221;Check the availability of the offer&#8221; _builder_version=&#8221;4.8.2&#8243; body_text_color=&#8221;#8b4500&#8243; background_color=&#8221;rgba(255,255,255,0.78)&#8221; background_layout=&#8221;light&#8221; use_border_color=&#8221;off&#8221; saved_tabs=&#8221;all&#8221; button_text_size__hover_enabled=&#8221;off&#8221; button_one_text_size__hover_enabled=&#8221;off&#8221; button_two_text_size__hover_enabled=&#8221;off&#8221; button_text_color__hover_enabled=&#8221;off&#8221; button_one_text_color__hover_enabled=&#8221;off&#8221; button_two_text_color__hover_enabled=&#8221;off&#8221; button_border_width__hover_enabled=&#8221;off&#8221; button_one_border_width__hover_enabled=&#8221;off&#8221; button_two_border_width__hover_enabled=&#8221;off&#8221; button_border_color__hover_enabled=&#8221;off&#8221; button_one_border_color__hover_enabled=&#8221;off&#8221; button_two_border_color__hover_enabled=&#8221;off&#8221; button_border_radius__hover_enabled=&#8221;off&#8221; button_one_border_radius__hover_enabled=&#8221;off&#8221; button_two_border_radius__hover_enabled=&#8221;off&#8221; button_letter_spacing__hover_enabled=&#8221;off&#8221; button_one_letter_spacing__hover_enabled=&#8221;off&#8221; button_two_letter_spacing__hover_enabled=&#8221;off&#8221; button_bg_color__hover_enabled=&#8221;off&#8221; button_one_bg_color__hover_enabled=&#8221;off&#8221; button_two_bg_color__hover_enabled=&#8221;off&#8221;]<a href=\"https:\/\/karolowka.pl\/en\/wp-content\/uploads\/sites\/2\/2018\/05\/andrzejki-w-zakopanem-hotel.jpg\"><img loading=\"lazy\" decoding=\"async\" class=\"aligncenter wp-image-5137 size-full\" src=\"https:\/\/karolowka.pl\/en\/wp-content\/uploads\/sites\/2\/2018\/05\/andrzejki-w-zakopanem-hotel.jpg\" alt=\"Saint Andrew's Party\" width=\"957\" height=\"235\"><\/a><\/p>\n<p>Saint Andrew&#8217;s Dinner with regional delights and relax in The Tatra Mountains.<\/p>\n<table style=\"margin: auto;\">\n<thead>\n<tr>\n<th style=\"width: 30%;\"><\/th>\n<th style=\"width: 35%;\">Night stay with breakfast, dinner for one person and special Saint Andrew&#8217;s Dinner 3 days (2 night)<\/th>\n<th style=\"width: 35%;\">*Night stay with breakfast, dinner for one person and special Saint Andrew&#8217;s Dinner<br \/>\n4 days (3 night) &#8211; promotion third night -50%<\/th>\n<\/tr>\n<\/thead>\n<tbody>\n<tr>\n<td>Price for one person<\/td>\n<td>320,00 PLN<\/td>\n<td>465,00 PLN<\/td>\n<\/tr>\n<\/tbody>\n<\/table>\n<p>* Additional fee for a room with a balcony or de Lux room is 20,00 PLN per day.<br \/>\nChildren under 3 (without additional services) \u2013 free of charge !<\/p>\n<p>Children aged 4 to 10 get 30% discount !<\/p>\n<p><strong>Saint Andrew&#8217;s Party package includes:<\/strong><\/p>\n<ul>\n<li>Night stay, buffet breakfast and espresso coffee without limitations<\/li>\n<li>two curse dinner with dessert served 1 p.m until 9:30 p.m, daily two options menu<\/li>\n<li>Saint Andrew&#8217;s Dinner &#8211; Aperitif, two warm dishes, cold buffet, dessert.<\/li>\n<li>Electric kettle in each room with cups for hot and cold drinks, mineral water on arrival day<\/li>\n<li>Access to relaxation zone: Finnish saunas and Jacuzzi<\/li>\n<li>Access to billiards room, table tennis and the gym<\/li>\n<li>Monitored car park<\/li>\n<li>Internet Wi-FI<\/li>\n<li>VAT<\/li>\n<\/ul>\n<p><strong>Additional offer, extra payable:<\/strong><\/p>\n<ul>\n<li>A varied offer of massages (a package of 3 massages with an attractive discount)<\/li>\n<li>Servive hotel restaurant specializing in regional dishes. In our dishes we use all fresh cheeses, fish, meats and maet from the Tatra Mountains. We especially recommend the oryginal cakes and desserts prepared by our confectioner<\/li>\n<li>A wide range of massages and treatments in the salon SPA<\/li>\n<li>A romantic carriage ride<\/li>\n<li>Nordic walking poles rental<\/li>\n<\/ul>\n<p><strong> Additional fee for single room is 40,00 PLN\/day <\/strong>[\/et_pb_cta][\/et_pb_column][\/et_pb_row][\/et_pb_section]<\/p>\n","protected":false},"excerpt":{"rendered":"<p>Saint Andrew&#8217;s Dinner with regional delights and relax in The Tatra Mountains. Night stay with breakfast, dinner for one person and special Saint Andrew&#8217;s Dinner 3 days (2 night) *Night stay with breakfast, dinner for one person and special Saint Andrew&#8217;s Dinner 4 days (3 night) &#8211; promotion third night -50% Price for one person [&hellip;]<\/p>\n","protected":false},"author":4,"featured_media":0,"parent":0,"menu_order":0,"comment_status":"closed","ping_status":"closed","template":"","meta":{"_et_pb_use_builder":"on","_et_pb_old_content":"<p>Saint Andrew's Party Zakopane<\/p>","_et_gb_content_width":"","footnotes":""},"class_list":["post-10826","page","type-page","status-publish","hentry"],"_links":{"self":[{"href":"https:\/\/karolowka.pl\/en\/wp-json\/wp\/v2\/pages\/10826","targetHints":{"allow":["GET"]}}],"collection":[{"href":"https:\/\/karolowka.pl\/en\/wp-json\/wp\/v2\/pages"}],"about":[{"href":"https:\/\/karolowka.pl\/en\/wp-json\/wp\/v2\/types\/page"}],"author":[{"embeddable":true,"href":"https:\/\/karolowka.pl\/en\/wp-json\/wp\/v2\/users\/4"}],"replies":[{"embeddable":true,"href":"https:\/\/karolowka.pl\/en\/wp-json\/wp\/v2\/comments?post=10826"}],"version-history":[{"count":5,"href":"https:\/\/karolowka.pl\/en\/wp-json\/wp\/v2\/pages\/10826\/revisions"}],"predecessor-version":[{"id":30325,"href":"https:\/\/karolowka.pl\/en\/wp-json\/wp\/v2\/pages\/10826\/revisions\/30325"}],"wp:attachment":[{"href":"https:\/\/karolowka.pl\/en\/wp-json\/wp\/v2\/media?parent=10826"}],"curies":[{"name":"wp","href":"https:\/\/api.w.org\/{rel}","templated":true}]}}