{"id":10828,"date":"2018-05-14T17:37:46","date_gmt":"2018-05-14T15:37:46","guid":{"rendered":"https:\/\/karolowka.pl\/en\/?page_id=10828"},"modified":"2026-03-13T19:03:01","modified_gmt":"2026-03-13T18:03:01","slug":"honeymoon-in-zakopane","status":"publish","type":"page","link":"https:\/\/karolowka.pl\/en\/honeymoon-in-zakopane\/","title":{"rendered":"Honeymoon in Zakopane"},"content":{"rendered":"<p>[et_pb_section fb_built=&#8221;1&#8243; admin_label=&#8221;section&#8221; _builder_version=&#8221;4.16&#8243; background_image=&#8221;http:\/\/karolowka.pl\/wp-content\/uploads\/2017\/05\/tatry-wsch\u00f3d-s\u0142o\u0144ca.jpg&#8221; parallax=&#8221;on&#8221; parallax_method=&#8221;off&#8221; transparent_background=&#8221;off&#8221; make_fullwidth=&#8221;off&#8221; use_custom_width=&#8221;off&#8221; width_unit=&#8221;on&#8221; global_colors_info=&#8221;{}&#8221;][et_pb_row admin_label=&#8221;row&#8221; _builder_version=&#8221;4.16&#8243; background_color=&#8221;rgba(252,252,252,0.78)&#8221; background_size=&#8221;initial&#8221; background_position=&#8221;top_left&#8221; background_repeat=&#8221;repeat&#8221; make_fullwidth=&#8221;off&#8221; use_custom_width=&#8221;off&#8221; width_unit=&#8221;on&#8221; global_colors_info=&#8221;{}&#8221;][et_pb_column type=&#8221;4_4&#8243; _builder_version=&#8221;4.16&#8243; custom_padding=&#8221;|||&#8221; global_colors_info=&#8221;{}&#8221; custom_padding__hover=&#8221;|||&#8221;][et_pb_text _builder_version=&#8221;4.27.6&#8243; background_size=&#8221;initial&#8221; background_position=&#8221;top_left&#8221; background_repeat=&#8221;repeat&#8221; text_orientation=&#8221;center&#8221; module_alignment=&#8221;center&#8221; hover_enabled=&#8221;0&#8243; use_border_color=&#8221;off&#8221; saved_tabs=&#8221;all&#8221; global_colors_info=&#8221;{}&#8221; sticky_enabled=&#8221;0&#8243;]<\/p>\n<h1>Honeymoon in the Tatra Mountains<\/h1>\n<p>[\/et_pb_text][\/et_pb_column][\/et_pb_row][et_pb_row _builder_version=&#8221;4.16&#8243; background_color=&#8221;rgba(247,247,247,0.89)&#8221; background_size=&#8221;initial&#8221; background_position=&#8221;top_left&#8221; background_repeat=&#8221;repeat&#8221; make_fullwidth=&#8221;off&#8221; use_custom_width=&#8221;off&#8221; width_unit=&#8221;on&#8221; global_colors_info=&#8221;{}&#8221;][et_pb_column type=&#8221;4_4&#8243; _builder_version=&#8221;4.16&#8243; custom_padding=&#8221;0%|5%|5%|5%&#8221; global_colors_info=&#8221;{}&#8221; custom_padding__hover=&#8221;|||&#8221;][et_pb_image src=&#8221;http:\/\/karolowka.pl\/wp-content\/uploads\/2017\/05\/romantyczny-weekend-dla-dwojga-zakopane-hotel-dw\u00f3r-kar\u00f3lowka.jpg&#8221; alt=&#8221;Apartament dla nowo\u017ce\u0144c\u00f3w zakopane&#8221; align_tablet=&#8221;center&#8221; align_phone=&#8221;&#8221; align_last_edited=&#8221;on|desktop&#8221; _builder_version=&#8221;4.16&#8243; animation_style=&#8221;slide&#8221; animation_direction=&#8221;left&#8221; animation_duration=&#8221;500ms&#8221; animation_intensity_slide=&#8221;10%&#8221; use_border_color=&#8221;off&#8221; border_color=&#8221;#ffffff&#8221; border_style=&#8221;solid&#8221; animation=&#8221;left&#8221; sticky=&#8221;off&#8221; always_center_on_mobile=&#8221;on&#8221; global_colors_info=&#8221;{}&#8221;][\/et_pb_image][et_pb_cta title=&#8221;<\/p>\n<h2>Honeymoon Suite Zakopane Hotel Karol\u00f3wka<\/h2>\n<p>&#8221; button_url=&#8221;https:\/\/karolowka.pl\/en\/booking\/&#8221; button_text=&#8221;Check the availability of the offer&#8221; _builder_version=&#8221;4.27.6&#8243; body_text_color=&#8221;#8b4500&#8243; background_color=&#8221;rgba(255,255,255,0.78)&#8221; background_layout=&#8221;light&#8221; hover_enabled=&#8221;0&#8243; use_border_color=&#8221;off&#8221; saved_tabs=&#8221;all&#8221; global_colors_info=&#8221;{}&#8221; button_text_size__hover_enabled=&#8221;off&#8221; button_one_text_size__hover_enabled=&#8221;off&#8221; button_two_text_size__hover_enabled=&#8221;off&#8221; button_text_color__hover_enabled=&#8221;off&#8221; button_one_text_color__hover_enabled=&#8221;off&#8221; button_two_text_color__hover_enabled=&#8221;off&#8221; button_border_width__hover_enabled=&#8221;off&#8221; button_one_border_width__hover_enabled=&#8221;off&#8221; button_two_border_width__hover_enabled=&#8221;off&#8221; button_border_color__hover_enabled=&#8221;off&#8221; button_one_border_color__hover_enabled=&#8221;off&#8221; button_two_border_color__hover_enabled=&#8221;off&#8221; button_border_radius__hover_enabled=&#8221;off&#8221; button_one_border_radius__hover_enabled=&#8221;off&#8221; button_two_border_radius__hover_enabled=&#8221;off&#8221; button_letter_spacing__hover_enabled=&#8221;off&#8221; button_one_letter_spacing__hover_enabled=&#8221;off&#8221; button_two_letter_spacing__hover_enabled=&#8221;off&#8221; button_bg_color__hover_enabled=&#8221;off&#8221; button_one_bg_color__hover_enabled=&#8221;off&#8221; button_two_bg_color__hover_enabled=&#8221;off&#8221; sticky_enabled=&#8221;0&#8243;]<\/p>\n<p>The hotel package includes a stay in a two room apartment furthermore private spa area reserved.<\/p>\n<table style=\"margin: auto\">\n<thead>\n<tr>\n<th style=\"width: 30%\">\u00a0<\/th>\n<th style=\"width: 35%\">Night stay with breakfast for couples<\/th>\n<th style=\"width: 35%\">*Night stay with breakfast and dinner for couples<\/th>\n<\/tr>\n<\/thead>\n<tbody>\n<tr>\n<td>4 day (3 night)<\/td>\n<td>1650,00 PLN<\/td>\n<td>2150,00 PLN<\/td>\n<\/tr>\n<\/tbody>\n<\/table>\n<p><strong>The Honeymoon in Zakopane package includes:<\/strong><\/p>\n<ul>\n<li>Two-room accommodation in a luxury apartment, buffet breakfast and espresso coffee without limitations<\/li>\n<li>*Dinner with dessert and a glass of wine served 1 p.m to 9:00 p.m<\/li>\n<li>Spa treatments &#8211; 30-minute massage with relaxation elements for each guest<\/li>\n<li>Electric kettle in each room with cups for hot and cold drinks, mineral water on arrival day<\/li>\n<li>Bathrobes and disposable slippers<\/li>\n<li>Access to relaxation zone: Finnish saunas and Jacuzzi<\/li>\n<li>Access to billiards room, table tennis and the gym<\/li>\n<li>Monitored parking<\/li>\n<li>Internet Wi-FI<\/li>\n<li>VAT<\/li>\n<\/ul>\n<p><strong>Additional offer, extra payable:<\/strong><\/p>\n<ul>\n<li>Servive hotel restaurant specializing in regional dishes. In our dishes we use all fresh cheeses, fish,and meat from the Tatra Mountains.\u00a0<\/li>\n<li>At the hotel reception you can buy tickets for the cable car to Kasprowy Wierch, the rail railway to Guba\u0142\u00f3wka and Thermal pools<\/li>\n<\/ul>\n<h4>Voucher &#8211; Honeymoon in Zakopane &#8211; for detailed information, please contact the hotel reception.<\/h4>\n<p>[\/et_pb_cta][\/et_pb_column][\/et_pb_row][\/et_pb_section]<\/p>\n","protected":false},"excerpt":{"rendered":"<p>Honeymoon in the Tatra MountainsThe hotel package includes a stay in a two room apartment furthermore private spa area reserved. \u00a0 Night stay with breakfast for couples *Night stay with breakfast and dinner for couples 4 day (3 night) 1650,00 PLN 2150,00 PLN The Honeymoon in Zakopane package includes: Two-room accommodation in a luxury apartment, [&hellip;]<\/p>\n","protected":false},"author":4,"featured_media":268,"parent":0,"menu_order":0,"comment_status":"closed","ping_status":"closed","template":"","meta":{"_et_pb_use_builder":"on","_et_pb_old_content":"<p>Honeymoon in Zakopane<\/p>","_et_gb_content_width":"","footnotes":""},"class_list":["post-10828","page","type-page","status-publish","has-post-thumbnail","hentry"],"_links":{"self":[{"href":"https:\/\/karolowka.pl\/en\/wp-json\/wp\/v2\/pages\/10828","targetHints":{"allow":["GET"]}}],"collection":[{"href":"https:\/\/karolowka.pl\/en\/wp-json\/wp\/v2\/pages"}],"about":[{"href":"https:\/\/karolowka.pl\/en\/wp-json\/wp\/v2\/types\/page"}],"author":[{"embeddable":true,"href":"https:\/\/karolowka.pl\/en\/wp-json\/wp\/v2\/users\/4"}],"replies":[{"embeddable":true,"href":"https:\/\/karolowka.pl\/en\/wp-json\/wp\/v2\/comments?post=10828"}],"version-history":[{"count":12,"href":"https:\/\/karolowka.pl\/en\/wp-json\/wp\/v2\/pages\/10828\/revisions"}],"predecessor-version":[{"id":31689,"href":"https:\/\/karolowka.pl\/en\/wp-json\/wp\/v2\/pages\/10828\/revisions\/31689"}],"wp:featuredmedia":[{"embeddable":true,"href":"https:\/\/karolowka.pl\/en\/wp-json\/wp\/v2\/media\/268"}],"wp:attachment":[{"href":"https:\/\/karolowka.pl\/en\/wp-json\/wp\/v2\/media?parent=10828"}],"curies":[{"name":"wp","href":"https:\/\/api.w.org\/{rel}","templated":true}]}}