{"id":10830,"date":"2018-05-14T17:39:35","date_gmt":"2018-05-14T15:39:35","guid":{"rendered":"https:\/\/karolowka.pl\/en\/?page_id=10830"},"modified":"2025-06-20T23:42:42","modified_gmt":"2025-06-20T21:42:42","slug":"christmas-eve-zakopane","status":"publish","type":"page","link":"https:\/\/karolowka.pl\/en\/christmas-eve-zakopane\/","title":{"rendered":"Christmas Eve Zakopane"},"content":{"rendered":"<p>[et_pb_section fb_built=&#8221;1&#8243; admin_label=&#8221;section&#8221; _builder_version=&#8221;4.16&#8243; background_image=&#8221;https:\/\/karolowka.pl\/en\/wp-content\/uploads\/sites\/2\/2019\/07\/Christmas-Eve-Zakopane.jpg&#8221; parallax=&#8221;on&#8221; parallax_method=&#8221;off&#8221; global_colors_info=&#8221;{}&#8221;][et_pb_row admin_label=&#8221;row&#8221; _builder_version=&#8221;4.16&#8243; background_color=&#8221;rgba(252,252,252,0.78)&#8221; background_size=&#8221;initial&#8221; background_position=&#8221;top_left&#8221; background_repeat=&#8221;repeat&#8221; make_fullwidth=&#8221;off&#8221; use_custom_width=&#8221;off&#8221; width_unit=&#8221;on&#8221; global_colors_info=&#8221;{}&#8221;][et_pb_column type=&#8221;4_4&#8243; _builder_version=&#8221;4.16&#8243; custom_padding=&#8221;|||&#8221; global_colors_info=&#8221;{}&#8221; custom_padding__hover=&#8221;|||&#8221;][et_pb_text _builder_version=&#8221;4.16&#8243; background_size=&#8221;initial&#8221; background_position=&#8221;top_left&#8221; background_repeat=&#8221;repeat&#8221; text_orientation=&#8221;center&#8221; use_border_color=&#8221;off&#8221; saved_tabs=&#8221;all&#8221; global_colors_info=&#8221;{}&#8221;]<\/p>\n<h1>Christmas Eve Zakopane Hotel Dw\u00f3r Karol\u00f3wka<\/h1>\n<p>[\/et_pb_text][\/et_pb_column][\/et_pb_row][et_pb_row _builder_version=&#8221;4.16&#8243; background_color=&#8221;rgba(247,247,247,0.89)&#8221; background_size=&#8221;initial&#8221; background_position=&#8221;top_left&#8221; background_repeat=&#8221;repeat&#8221; make_fullwidth=&#8221;off&#8221; use_custom_width=&#8221;off&#8221; width_unit=&#8221;on&#8221; global_colors_info=&#8221;{}&#8221;][et_pb_column type=&#8221;4_4&#8243; _builder_version=&#8221;4.16&#8243; custom_padding=&#8221;0%|5%|5%|5%&#8221; global_colors_info=&#8221;{}&#8221; custom_padding__hover=&#8221;|||&#8221;][et_pb_image src=&#8221;https:\/\/karolowka.pl\/en\/wp-content\/uploads\/sites\/2\/2018\/05\/Pakiet-Bo\u017ce-Narodzenie-Zakopane-2015-1.jpg&#8221; alt=&#8221;Ferie dla rodzin z dzie\u0107mi Zakopane&#8221; align_tablet=&#8221;center&#8221; align_phone=&#8221;&#8221; align_last_edited=&#8221;on|desktop&#8221; _builder_version=&#8221;4.16&#8243; animation_style=&#8221;slide&#8221; animation_direction=&#8221;left&#8221; animation_duration=&#8221;500ms&#8221; animation_intensity_slide=&#8221;10%&#8221; use_border_color=&#8221;off&#8221; border_color=&#8221;#ffffff&#8221; border_style=&#8221;solid&#8221; animation=&#8221;left&#8221; sticky=&#8221;off&#8221; always_center_on_mobile=&#8221;on&#8221; global_colors_info=&#8221;{}&#8221;][\/et_pb_image][et_pb_cta title=&#8221;<\/p>\n<h2>Polish traditional Christmas Eve dinner.<\/h2>\n<p>&#8221; button_url=&#8221;https:\/\/karolowka.pl\/en\/contact\/&#8221; button_text=&#8221;Check the availability of the offer&#8221; _builder_version=&#8221;4.27.4&#8243; body_text_color=&#8221;#8b4500&#8243; background_color=&#8221;rgba(255,255,255,0.78)&#8221; background_layout=&#8221;light&#8221; hover_enabled=&#8221;0&#8243; use_border_color=&#8221;off&#8221; saved_tabs=&#8221;all&#8221; global_colors_info=&#8221;{}&#8221; button_text_size__hover_enabled=&#8221;off&#8221; button_one_text_size__hover_enabled=&#8221;off&#8221; button_two_text_size__hover_enabled=&#8221;off&#8221; button_text_color__hover_enabled=&#8221;off&#8221; button_one_text_color__hover_enabled=&#8221;off&#8221; button_two_text_color__hover_enabled=&#8221;off&#8221; button_border_width__hover_enabled=&#8221;off&#8221; button_one_border_width__hover_enabled=&#8221;off&#8221; button_two_border_width__hover_enabled=&#8221;off&#8221; button_border_color__hover_enabled=&#8221;off&#8221; button_one_border_color__hover_enabled=&#8221;off&#8221; button_two_border_color__hover_enabled=&#8221;off&#8221; button_border_radius__hover_enabled=&#8221;off&#8221; button_one_border_radius__hover_enabled=&#8221;off&#8221; button_two_border_radius__hover_enabled=&#8221;off&#8221; button_letter_spacing__hover_enabled=&#8221;off&#8221; button_one_letter_spacing__hover_enabled=&#8221;off&#8221; button_two_letter_spacing__hover_enabled=&#8221;off&#8221; button_bg_color__hover_enabled=&#8221;off&#8221; button_one_bg_color__hover_enabled=&#8221;off&#8221; button_two_bg_color__hover_enabled=&#8221;off&#8221; sticky_enabled=&#8221;0&#8243;]<\/p>\n<h3>Christmas Eve at the restaurant Karol\u00f3wka 24th of December 2025<\/h3>\n<p>Prior table reservation and dinner start times are required.<br \/>Price per person 400,00 z\u0142.<br \/><strong>CHRISTMAS EVE MENU 2025<\/strong><br \/>Christmas Eve Dinner in Poland and especially in the Tatra mountains is an evening full of traditional foods and customs.<br \/>At the beginning the wishes and &#8222;op\u0142atek&#8221;&#8230;<br \/><strong>Soup:<\/strong><\/p>\n<ul>\n<li>Mushroom soup with noodles<\/li>\n<li>Beetroot soup with ravioli<\/li>\n<\/ul>\n<p><strong>Main courses:<\/strong><\/p>\n<ul>\n<li>Carp fried in batter<\/li>\n<li>Solea fritters with dill<\/li>\n<li>Trout with almonds<\/li>\n<li>Dumplings with cabbage and mushrooms<\/li>\n<li>Fried cabbage with mushrooms<\/li>\n<li>Croquettes with mushrooms<\/li>\n<li>Potatoes with dill<\/li>\n<\/ul>\n<p><strong>Buffet:<\/strong> Fish with vegetables, Herring in sour cream, Carp in aspic, Pickles.<br \/><strong>Christmas dessert:<\/strong> Christmas cakes.<br \/><strong>Dried fruit compote<\/strong><br \/><strong>Glass of wine<\/strong><br \/><strong>Children up to 10 years of age will receive a surprise gift.<\/strong><\/p>\n<h3>Christmas Eve at the restaurant Karol\u00f3wka &#8211; reservations and additional information at the reception Hotel Dw\u00f3r Karolowka***<\/h3>\n<p><a href=\"https:\/\/karolowka.pl\/wp-content\/uploads\/2013\/12\/bn2012v1.jpg\"><img loading=\"lazy\" decoding=\"async\" class=\"aligncenter wp-image-359 size-medium\" src=\"https:\/\/karolowka.pl\/en\/wp-content\/uploads\/sites\/2\/2018\/05\/bn2012v1-300x187.jpg\" alt=\"Wigilia Zakopane Bo\u017ce Narodzenie Menu\" width=\"300\" height=\"187\" \/><\/a><a href=\"https:\/\/karolowka.pl\/wp-content\/uploads\/2013\/12\/bn2012v1.jpg\"><br \/><\/a><\/p>\n<p>&nbsp;<\/p>\n<p>[\/et_pb_cta][\/et_pb_column][\/et_pb_row][\/et_pb_section]<\/p>\n","protected":false},"excerpt":{"rendered":"<p>Christmas Eve Zakopane Hotel Dw\u00f3r Karol\u00f3wkaChristmas Eve at the restaurant Karol\u00f3wka 24th of December 2025 Prior table reservation and dinner start times are required.Price per person 400,00 z\u0142.CHRISTMAS EVE MENU 2025Christmas Eve Dinner in Poland and especially in the Tatra mountains is an evening full of traditional foods and customs.At the beginning the wishes and [&hellip;]<\/p>\n","protected":false},"author":4,"featured_media":165,"parent":0,"menu_order":0,"comment_status":"closed","ping_status":"closed","template":"","meta":{"_et_pb_use_builder":"on","_et_pb_old_content":"<p>Christmas Offer Zakopane<\/p>","_et_gb_content_width":"","footnotes":""},"class_list":["post-10830","page","type-page","status-publish","has-post-thumbnail","hentry"],"_links":{"self":[{"href":"https:\/\/karolowka.pl\/en\/wp-json\/wp\/v2\/pages\/10830","targetHints":{"allow":["GET"]}}],"collection":[{"href":"https:\/\/karolowka.pl\/en\/wp-json\/wp\/v2\/pages"}],"about":[{"href":"https:\/\/karolowka.pl\/en\/wp-json\/wp\/v2\/types\/page"}],"author":[{"embeddable":true,"href":"https:\/\/karolowka.pl\/en\/wp-json\/wp\/v2\/users\/4"}],"replies":[{"embeddable":true,"href":"https:\/\/karolowka.pl\/en\/wp-json\/wp\/v2\/comments?post=10830"}],"version-history":[{"count":29,"href":"https:\/\/karolowka.pl\/en\/wp-json\/wp\/v2\/pages\/10830\/revisions"}],"predecessor-version":[{"id":31517,"href":"https:\/\/karolowka.pl\/en\/wp-json\/wp\/v2\/pages\/10830\/revisions\/31517"}],"wp:featuredmedia":[{"embeddable":true,"href":"https:\/\/karolowka.pl\/en\/wp-json\/wp\/v2\/media\/165"}],"wp:attachment":[{"href":"https:\/\/karolowka.pl\/en\/wp-json\/wp\/v2\/media?parent=10830"}],"curies":[{"name":"wp","href":"https:\/\/api.w.org\/{rel}","templated":true}]}}