{"id":10836,"date":"2018-05-14T17:41:56","date_gmt":"2018-05-14T15:41:56","guid":{"rendered":"https:\/\/karolowka.pl\/en\/?page_id=10836"},"modified":"2025-06-20T23:46:57","modified_gmt":"2025-06-20T21:46:57","slug":"new-year-zakopane","status":"publish","type":"page","link":"https:\/\/karolowka.pl\/en\/new-year-zakopane\/","title":{"rendered":"New Year Zakopane 2026"},"content":{"rendered":"<p>[et_pb_section fb_built=&#8221;1&#8243; admin_label=&#8221;section&#8221; _builder_version=&#8221;4.16&#8243; background_image=&#8221;https:\/\/karolowka.pl\/en\/wp-content\/uploads\/sites\/2\/2018\/05\/sylwester-zakopane-szampan-min.jpg&#8221; parallax=&#8221;on&#8221; parallax_method=&#8221;off&#8221; transparent_background=&#8221;off&#8221; global_colors_info=&#8221;{}&#8221;][et_pb_row admin_label=&#8221;row&#8221; _builder_version=&#8221;4.16&#8243; background_color=&#8221;rgba(252,252,252,0.78)&#8221; background_size=&#8221;initial&#8221; background_position=&#8221;top_left&#8221; background_repeat=&#8221;repeat&#8221; make_fullwidth=&#8221;off&#8221; use_custom_width=&#8221;off&#8221; width_unit=&#8221;on&#8221; global_colors_info=&#8221;{}&#8221;][et_pb_column type=&#8221;4_4&#8243; _builder_version=&#8221;4.16&#8243; custom_padding=&#8221;|||&#8221; global_colors_info=&#8221;{}&#8221; custom_padding__hover=&#8221;|||&#8221;][et_pb_text _builder_version=&#8221;4.27.4&#8243; text_orientation=&#8221;center&#8221; module_alignment=&#8221;center&#8221; saved_tabs=&#8221;all&#8221; global_colors_info=&#8221;{}&#8221;]<\/p>\n<h1>New Year 2026 &#8211; Zakopane Hotel Dw\u00f3r Karol\u00f3wka<\/h1>\n<p>[\/et_pb_text][\/et_pb_column][\/et_pb_row][et_pb_row _builder_version=&#8221;4.16&#8243; background_color=&#8221;rgba(247,247,247,0.89)&#8221; background_size=&#8221;initial&#8221; background_position=&#8221;top_left&#8221; background_repeat=&#8221;repeat&#8221; make_fullwidth=&#8221;off&#8221; use_custom_width=&#8221;off&#8221; width_unit=&#8221;on&#8221; global_colors_info=&#8221;{}&#8221;][et_pb_column type=&#8221;4_4&#8243; _builder_version=&#8221;4.16&#8243; custom_padding=&#8221;0%|5%|5%|5%&#8221; global_colors_info=&#8221;{}&#8221; custom_padding__hover=&#8221;|||&#8221;][et_pb_image src=&#8221;https:\/\/karolowka.pl\/en\/wp-content\/uploads\/sites\/2\/2018\/05\/sylwester-zakopane-karolowka-hotel.jpg&#8221; alt=&#8221;Sylwester Zakopane 2017&#8243; align_tablet=&#8221;center&#8221; align_phone=&#8221;&#8221; align_last_edited=&#8221;on|desktop&#8221; _builder_version=&#8221;4.16&#8243; animation_direction=&#8221;left&#8221; animation=&#8221;left&#8221; sticky=&#8221;off&#8221; always_center_on_mobile=&#8221;on&#8221; global_colors_info=&#8221;{}&#8221;][\/et_pb_image][et_pb_cta title=&#8221;<\/p>\n<h2>Zakopane New Year 2026<\/h2>\n<p>&#8221; button_url=&#8221;https:\/\/karolowka.pl\/en\/reservation-of-winter-offers\/&#8221; button_text=&#8221;Check the availability of the offer&#8221; _builder_version=&#8221;4.27.4&#8243; body_text_color=&#8221;#8b4500&#8243; background_color=&#8221;rgba(255,255,255,0.78)&#8221; background_layout=&#8221;light&#8221; use_border_color=&#8221;off&#8221; saved_tabs=&#8221;all&#8221; global_colors_info=&#8221;{}&#8221; button_text_size__hover_enabled=&#8221;off&#8221; button_one_text_size__hover_enabled=&#8221;off&#8221; button_two_text_size__hover_enabled=&#8221;off&#8221; button_text_color__hover_enabled=&#8221;off&#8221; button_one_text_color__hover_enabled=&#8221;off&#8221; button_two_text_color__hover_enabled=&#8221;off&#8221; button_border_width__hover_enabled=&#8221;off&#8221; button_one_border_width__hover_enabled=&#8221;off&#8221; button_two_border_width__hover_enabled=&#8221;off&#8221; button_border_color__hover_enabled=&#8221;off&#8221; button_one_border_color__hover_enabled=&#8221;off&#8221; button_two_border_color__hover_enabled=&#8221;off&#8221; button_border_radius__hover_enabled=&#8221;off&#8221; button_one_border_radius__hover_enabled=&#8221;off&#8221; button_two_border_radius__hover_enabled=&#8221;off&#8221; button_letter_spacing__hover_enabled=&#8221;off&#8221; button_one_letter_spacing__hover_enabled=&#8221;off&#8221; button_two_letter_spacing__hover_enabled=&#8221;off&#8221; button_bg_color__hover_enabled=&#8221;off&#8221; button_one_bg_color__hover_enabled=&#8221;off&#8221; button_two_bg_color__hover_enabled=&#8221;off&#8221;]<\/p>\n<h3>We cordially invite you to welcome the New Year the Hotel Dw\u00f3r Karol\u00f3wka<\/h3>\n<h4>Package HB with exclusive menu and great party. OFFER VALID FROM 29th December 2025 till 2nd January 2026<\/h4>\n<table style=\"margin: auto;width: 819px;height: 103px\">\n<thead>\n<tr style=\"height: 47px\">\n<th style=\"width: 345.538px;height: 47px\">\u00a0<\/th>\n<th style=\"width: 403.576px;height: 47px\">Price for 1 person with breakfast, two-course dinner with dessert &#8211; special New Year menu and New Year&#8217;s Eve Party<\/th>\n<th style=\"width: 50.6076px;height: 47px\">\u00a0<\/th>\n<\/tr>\n<\/thead>\n<tbody>\n<tr style=\"height: 23px\">\n<td style=\"width: 345.538px;height: 23px\">4 days (3 nights)<\/td>\n<td style=\"width: 403.576px;height: 23px\">1308,00 PLN<\/td>\n<td style=\"width: 50.6076px;height: 23px\">\u00a0<\/td>\n<\/tr>\n<tr style=\"height: 23px\">\n<td style=\"width: 345.538px;height: 23px\">5 days (4 nights )<\/td>\n<td style=\"width: 403.576px;height: 23px\">1600,00 PLN<\/td>\n<td style=\"width: 50.6076px;height: 23px\">\u00a0<\/td>\n<\/tr>\n<tr style=\"height: 23px\">\n<td style=\"width: 345.538px;height: 23px\">6 days (5 nights )<\/td>\n<td style=\"width: 403.576px;height: 23px\">1850,00 PLN<\/td>\n<td style=\"width: 50.6076px;height: 23px\">\u00a0<\/td>\n<\/tr>\n<tr style=\"height: 10px\">\n<td style=\"width: 345.538px;height: 10px\">\u00a0<\/td>\n<td style=\"width: 403.576px;height: 10px\">\u00a0<\/td>\n<td style=\"width: 50.6076px;height: 10px\">\u00a0<\/td>\n<\/tr>\n<\/tbody>\n<\/table>\n<p>Child from 4-10 years 30 % discount<br \/>Children up to 3 years (without additional services ) for free<br \/>*There is an additional fee for a room with a balcony or a De Lux room &#8211; more information at the hotel reception (by phone or e-mail)<\/p>\n<p><strong>The package includes for one person:<\/strong><\/p>\n<ul>\n<li>New Year&#8217;s Eve Party with an exquisite menu , an aperitif and a glass of champagne to toast the New Year<\/li>\n<li>Accommodation and catering:<\/li>\n<li style=\"margin-left: 15px\">rich breakfast buffet with cake prepared by our confectioner<\/li>\n<li style=\"margin-left: 15px\">two-course dinner(soup and main course) with dessert,<\/li>\n<li>Room with a warm beverage service (electric kettle ) and cold mineral water on arrival<\/li>\n<li>Billiards, table tennis, fitness<\/li>\n<li>Monitored parking<\/li>\n<li>Free Internet access<\/li>\n<li>VAT<\/li>\n<\/ul>\n<p><strong><a href=\"https:\/\/karolowka.pl\/en\/zakopane-new-years-party\/\"><span style=\"color: blue\">NEW YEAR&#8217;S EVE Party in Restaurant Karol\u00f3wka<\/span><\/a><\/strong><\/p>\n<p><strong> Additionally, we offer:<\/strong><\/p>\n<ul>\n<li>Finnish saunas or Jacuzzi reserved exclusively for a given room &#8211; PLN 20.00\/30 min\/limit up to 4 people, children under 14 free of charge (under parental supervision)<\/li>\n<li>Ride a sleigh \/ carriage rides with torches and mulled wine<\/li>\n<li>Wide range of massages and treatments in the salon SPA<\/li>\n<\/ul>\n<h4>Voucher &#8211; New Year&#8217;s Eve Hotel Dw\u00f3r Karol\u00f3wka &#8211; information at the reception<\/h4>\n<p>[\/et_pb_cta][\/et_pb_column][\/et_pb_row][\/et_pb_section]<\/p>\n","protected":false},"excerpt":{"rendered":"<p>New Year 2026 &#8211; Zakopane Hotel Dw\u00f3r Karol\u00f3wkaWe cordially invite you to welcome the New Year the Hotel Dw\u00f3r Karol\u00f3wka Package HB with exclusive menu and great party. OFFER VALID FROM 29th December 2025 till 2nd January 2026 \u00a0 Price for 1 person with breakfast, two-course dinner with dessert &#8211; special New Year menu and [&hellip;]<\/p>\n","protected":false},"author":4,"featured_media":50,"parent":0,"menu_order":0,"comment_status":"closed","ping_status":"closed","template":"","meta":{"_et_pb_use_builder":"on","_et_pb_old_content":"<p>New Year's Eve<\/p>","_et_gb_content_width":"","footnotes":""},"class_list":["post-10836","page","type-page","status-publish","has-post-thumbnail","hentry"],"_links":{"self":[{"href":"https:\/\/karolowka.pl\/en\/wp-json\/wp\/v2\/pages\/10836","targetHints":{"allow":["GET"]}}],"collection":[{"href":"https:\/\/karolowka.pl\/en\/wp-json\/wp\/v2\/pages"}],"about":[{"href":"https:\/\/karolowka.pl\/en\/wp-json\/wp\/v2\/types\/page"}],"author":[{"embeddable":true,"href":"https:\/\/karolowka.pl\/en\/wp-json\/wp\/v2\/users\/4"}],"replies":[{"embeddable":true,"href":"https:\/\/karolowka.pl\/en\/wp-json\/wp\/v2\/comments?post=10836"}],"version-history":[{"count":49,"href":"https:\/\/karolowka.pl\/en\/wp-json\/wp\/v2\/pages\/10836\/revisions"}],"predecessor-version":[{"id":31522,"href":"https:\/\/karolowka.pl\/en\/wp-json\/wp\/v2\/pages\/10836\/revisions\/31522"}],"wp:featuredmedia":[{"embeddable":true,"href":"https:\/\/karolowka.pl\/en\/wp-json\/wp\/v2\/media\/50"}],"wp:attachment":[{"href":"https:\/\/karolowka.pl\/en\/wp-json\/wp\/v2\/media?parent=10836"}],"curies":[{"name":"wp","href":"https:\/\/api.w.org\/{rel}","templated":true}]}}