{"id":10845,"date":"2018-05-14T17:46:45","date_gmt":"2018-05-14T15:46:45","guid":{"rendered":"https:\/\/karolowka.pl\/en\/?page_id=10845"},"modified":"2025-06-20T23:39:57","modified_gmt":"2025-06-20T21:39:57","slug":"christmas-zakopane","status":"publish","type":"page","link":"https:\/\/karolowka.pl\/en\/christmas-zakopane\/","title":{"rendered":"Christmas Zakopane 2025"},"content":{"rendered":"<p>[et_pb_section fb_built=&#8221;1&#8243; admin_label=&#8221;section&#8221; _builder_version=&#8221;4.16&#8243; background_image=&#8221;https:\/\/karolowka.pl\/wp-content\/uploads\/2014\/12\/Bo\u017ce-Narodzenie-Zakopane-Pakiet-\u015awi\u0105teczny.jpg&#8221; parallax=&#8221;on&#8221; parallax_method=&#8221;off&#8221; transparent_background=&#8221;off&#8221; make_fullwidth=&#8221;off&#8221; use_custom_width=&#8221;off&#8221; width_unit=&#8221;on&#8221; global_colors_info=&#8221;{}&#8221;][et_pb_row admin_label=&#8221;row&#8221; _builder_version=&#8221;4.16&#8243; background_color=&#8221;rgba(252,252,252,0.78)&#8221; background_size=&#8221;initial&#8221; background_position=&#8221;top_left&#8221; background_repeat=&#8221;repeat&#8221; make_fullwidth=&#8221;off&#8221; use_custom_width=&#8221;off&#8221; width_unit=&#8221;on&#8221; global_colors_info=&#8221;{}&#8221;][et_pb_column type=&#8221;4_4&#8243; _builder_version=&#8221;4.16&#8243; custom_padding=&#8221;|||&#8221; global_colors_info=&#8221;{}&#8221; custom_padding__hover=&#8221;|||&#8221;][et_pb_text _builder_version=&#8221;4.27.4&#8243; text_orientation=&#8221;center&#8221; module_alignment=&#8221;center&#8221; z_index_tablet=&#8221;500&#8243; text_text_shadow_horizontal_length_tablet=&#8221;0px&#8221; text_text_shadow_vertical_length_tablet=&#8221;0px&#8221; text_text_shadow_blur_strength_tablet=&#8221;1px&#8221; link_text_shadow_horizontal_length_tablet=&#8221;0px&#8221; link_text_shadow_vertical_length_tablet=&#8221;0px&#8221; link_text_shadow_blur_strength_tablet=&#8221;1px&#8221; ul_text_shadow_horizontal_length_tablet=&#8221;0px&#8221; ul_text_shadow_vertical_length_tablet=&#8221;0px&#8221; ul_text_shadow_blur_strength_tablet=&#8221;1px&#8221; ol_text_shadow_horizontal_length_tablet=&#8221;0px&#8221; ol_text_shadow_vertical_length_tablet=&#8221;0px&#8221; ol_text_shadow_blur_strength_tablet=&#8221;1px&#8221; quote_text_shadow_horizontal_length_tablet=&#8221;0px&#8221; quote_text_shadow_vertical_length_tablet=&#8221;0px&#8221; quote_text_shadow_blur_strength_tablet=&#8221;1px&#8221; header_text_shadow_horizontal_length_tablet=&#8221;0px&#8221; header_text_shadow_vertical_length_tablet=&#8221;0px&#8221; header_text_shadow_blur_strength_tablet=&#8221;1px&#8221; header_2_text_shadow_horizontal_length_tablet=&#8221;0px&#8221; header_2_text_shadow_vertical_length_tablet=&#8221;0px&#8221; header_2_text_shadow_blur_strength_tablet=&#8221;1px&#8221; header_3_text_shadow_horizontal_length_tablet=&#8221;0px&#8221; header_3_text_shadow_vertical_length_tablet=&#8221;0px&#8221; header_3_text_shadow_blur_strength_tablet=&#8221;1px&#8221; header_4_text_shadow_horizontal_length_tablet=&#8221;0px&#8221; header_4_text_shadow_vertical_length_tablet=&#8221;0px&#8221; header_4_text_shadow_blur_strength_tablet=&#8221;1px&#8221; header_5_text_shadow_horizontal_length_tablet=&#8221;0px&#8221; header_5_text_shadow_vertical_length_tablet=&#8221;0px&#8221; header_5_text_shadow_blur_strength_tablet=&#8221;1px&#8221; header_6_text_shadow_horizontal_length_tablet=&#8221;0px&#8221; header_6_text_shadow_vertical_length_tablet=&#8221;0px&#8221; header_6_text_shadow_blur_strength_tablet=&#8221;1px&#8221; box_shadow_horizontal_tablet=&#8221;0px&#8221; box_shadow_vertical_tablet=&#8221;0px&#8221; box_shadow_blur_tablet=&#8221;40px&#8221; box_shadow_spread_tablet=&#8221;0px&#8221; saved_tabs=&#8221;all&#8221; global_colors_info=&#8221;{}&#8221;]<\/p>\n<h1>Christmas in Zakopane 2025 &#8211; Hotel Dw\u00f3r Karol\u00f3wka<\/h1>\n<p>[\/et_pb_text][\/et_pb_column][\/et_pb_row][et_pb_row _builder_version=&#8221;4.16&#8243; background_color=&#8221;rgba(247,247,247,0.89)&#8221; background_size=&#8221;initial&#8221; background_position=&#8221;top_left&#8221; background_repeat=&#8221;repeat&#8221; make_fullwidth=&#8221;off&#8221; use_custom_width=&#8221;off&#8221; width_unit=&#8221;on&#8221; global_colors_info=&#8221;{}&#8221;][et_pb_column type=&#8221;4_4&#8243; _builder_version=&#8221;4.16&#8243; custom_padding=&#8221;0%|5%|5%|5%&#8221; global_colors_info=&#8221;{}&#8221; custom_padding__hover=&#8221;|||&#8221;][et_pb_image src=&#8221;https:\/\/karolowka.pl\/en\/wp-content\/uploads\/sites\/2\/2018\/12\/Pakiet-Wigilijny-Bo\u017ce-Narodzenie-Zakopane.jpg&#8221; alt=&#8221;Bo\u017ce Narodzenie Zakopane &#8221; align_tablet=&#8221;center&#8221; align_phone=&#8221;&#8221; align_last_edited=&#8221;on|desktop&#8221; _builder_version=&#8221;4.16&#8243; animation_style=&#8221;slide&#8221; animation_direction=&#8221;left&#8221; animation_duration=&#8221;500ms&#8221; animation_intensity_slide=&#8221;10%&#8221; use_border_color=&#8221;off&#8221; global_colors_info=&#8221;{}&#8221;][\/et_pb_image][et_pb_cta title=&#8221;<\/p>\n<h2>Special Offer &#8211; Christmas in Zakopane 2025<\/h2>\n<p>&#8221; button_url=&#8221;https:\/\/karolowka.pl\/en\/reservation-of-winter-offers\/&#8221; button_text=&#8221;Check the availability of the offer&#8221; _builder_version=&#8221;4.27.4&#8243; body_text_color=&#8221;#8b4500&#8243; background_color=&#8221;rgba(255,255,255,0.78)&#8221; background_layout=&#8221;light&#8221; use_border_color=&#8221;off&#8221; saved_tabs=&#8221;all&#8221; global_colors_info=&#8221;{}&#8221; button_text_size__hover_enabled=&#8221;off&#8221; button_one_text_size__hover_enabled=&#8221;off&#8221; button_two_text_size__hover_enabled=&#8221;off&#8221; button_text_color__hover_enabled=&#8221;off&#8221; button_one_text_color__hover_enabled=&#8221;off&#8221; button_two_text_color__hover_enabled=&#8221;off&#8221; button_border_width__hover_enabled=&#8221;off&#8221; button_one_border_width__hover_enabled=&#8221;off&#8221; button_two_border_width__hover_enabled=&#8221;off&#8221; button_border_color__hover_enabled=&#8221;off&#8221; button_one_border_color__hover_enabled=&#8221;off&#8221; button_two_border_color__hover_enabled=&#8221;off&#8221; button_border_radius__hover_enabled=&#8221;off&#8221; button_one_border_radius__hover_enabled=&#8221;off&#8221; button_two_border_radius__hover_enabled=&#8221;off&#8221; button_letter_spacing__hover_enabled=&#8221;off&#8221; button_one_letter_spacing__hover_enabled=&#8221;off&#8221; button_two_letter_spacing__hover_enabled=&#8221;off&#8221; button_bg_color__hover_enabled=&#8221;off&#8221; button_one_bg_color__hover_enabled=&#8221;off&#8221; button_two_bg_color__hover_enabled=&#8221;off&#8221;]<\/p>\n<h3>Hotel Dw\u00f3r Karol\u00f3wka is pleased to invite you to Zakopane for the magical Christmas<\/h3>\n<p>OFFER VALID FROM 23rd till 29th December 2025<\/p>\n<table style=\"margin: auto;width: 711px;height: 46px\">\n<thead>\n<tr style=\"height: 23px\">\n<th style=\"width: 348.16px;height: 23px\">\u00a0<\/th>\n<th style=\"width: 348.872px;height: 23px\">Price for 1 person with breakfast, dinner with desser<\/th>\n<\/tr>\n<\/thead>\n<tbody>\n<tr style=\"height: 23px\">\n<td style=\"width: 348.16px;height: 23px\">\u00a0<\/td>\n<td style=\"width: 348.872px;height: 23px\">\u00a0<\/td>\n<\/tr>\n<tr>\n<td style=\"width: 348.16px\">6 days ( 5 nights)<\/td>\n<td style=\"width: 348.872px\">1850,00 PLN<\/td>\n<\/tr>\n<tr>\n<td style=\"width: 348.16px\">7 days ( 6 nights)<\/td>\n<td style=\"width: 348.872px\">2100,00 PLN<\/td>\n<\/tr>\n<\/tbody>\n<\/table>\n<p>Child from 4-10 years 30 % discount<br \/>Children up to 3 years (without additional services ) for free<br \/>There is an additional fee for a room with a balcony or a De Lux room &#8211; more information at the hotel reception (by phone or e-mail)<br \/><strong>Christmas package includes:<\/strong><\/p>\n<ul>\n<li>Night stay:<\/li>\n<li style=\"margin-left: 20px\">rich breakfast buffet,<\/li>\n<li style=\"margin-left: 20px\">two-course Christmas dinner and dessert,<\/li>\n<li style=\"margin-left: 20px\">dessert-Christmas cookies prepared by our confectioner<\/li>\n<li>Room with a warm beverage service (electric kettle ) and cold mineral water<\/li>\n<li>Dinner Christmas Eve<\/li>\n<li>Christmas Gift for Children<\/li>\n<li>Billiards, table tennis, fitness<\/li>\n<li>Monitored parking<\/li>\n<li>Free access to Wi-Fi<\/li>\n<li>Ski lockers with information on the piste<\/li>\n<\/ul>\n<p><strong><a href=\"https:\/\/karolowka.pl\/en\/christmas-eve-zakopane\/\"><span style=\"color: blue\">CHRISTMAS EVE MENU<\/span><\/a><\/strong><br \/><strong>For an extra fee you can:<\/strong><\/p>\n<ul>\n<li>Finnish saunas and jacuzzi are reserved exclusively from 8.00 a.m. to 22.00 p.m. \u2013 20.00 PLN\/30 minutes\/limit to 4 people, children up to 14 free of charge (under parental supervision)<\/li>\n<li>Ride a sleigh \/ carriage rides with torches and mulled wine<\/li>\n<li>Wide range of massages and treatments in the salon SPA<\/li>\n<li>At the hotel reception you can buy tickets for the cable car to Kasprowy Wierch or the rail railway to Guba\u0142\u00f3wka<\/li>\n<\/ul>\n<p><strong>Christmas Zakopane 2025 &#8211; information is available at the hotel reception<\/strong><\/p>\n<p>[\/et_pb_cta][\/et_pb_column][\/et_pb_row][\/et_pb_section]<\/p>\n","protected":false},"excerpt":{"rendered":"<p>Christmas in Zakopane 2025 &#8211; Hotel Dw\u00f3r Karol\u00f3wkaHotel Dw\u00f3r Karol\u00f3wka is pleased to invite you to Zakopane for the magical Christmas OFFER VALID FROM 23rd till 29th December 2025 \u00a0 Price for 1 person with breakfast, dinner with desser \u00a0 \u00a0 6 days ( 5 nights) 1850,00 PLN 7 days ( 6 nights) 2100,00 PLN [&hellip;]<\/p>\n","protected":false},"author":4,"featured_media":191,"parent":0,"menu_order":0,"comment_status":"closed","ping_status":"closed","template":"","meta":{"_et_pb_use_builder":"on","_et_pb_old_content":"<p>Christmas Zakopane<\/p>","_et_gb_content_width":"","footnotes":""},"class_list":["post-10845","page","type-page","status-publish","has-post-thumbnail","hentry"],"_links":{"self":[{"href":"https:\/\/karolowka.pl\/en\/wp-json\/wp\/v2\/pages\/10845","targetHints":{"allow":["GET"]}}],"collection":[{"href":"https:\/\/karolowka.pl\/en\/wp-json\/wp\/v2\/pages"}],"about":[{"href":"https:\/\/karolowka.pl\/en\/wp-json\/wp\/v2\/types\/page"}],"author":[{"embeddable":true,"href":"https:\/\/karolowka.pl\/en\/wp-json\/wp\/v2\/users\/4"}],"replies":[{"embeddable":true,"href":"https:\/\/karolowka.pl\/en\/wp-json\/wp\/v2\/comments?post=10845"}],"version-history":[{"count":38,"href":"https:\/\/karolowka.pl\/en\/wp-json\/wp\/v2\/pages\/10845\/revisions"}],"predecessor-version":[{"id":31514,"href":"https:\/\/karolowka.pl\/en\/wp-json\/wp\/v2\/pages\/10845\/revisions\/31514"}],"wp:featuredmedia":[{"embeddable":true,"href":"https:\/\/karolowka.pl\/en\/wp-json\/wp\/v2\/media\/191"}],"wp:attachment":[{"href":"https:\/\/karolowka.pl\/en\/wp-json\/wp\/v2\/media?parent=10845"}],"curies":[{"name":"wp","href":"https:\/\/api.w.org\/{rel}","templated":true}]}}