{"id":10847,"date":"2018-05-14T17:48:36","date_gmt":"2018-05-14T15:48:36","guid":{"rendered":"https:\/\/karolowka.pl\/en\/?page_id=10847"},"modified":"2018-06-20T20:33:37","modified_gmt":"2018-06-20T18:33:37","slug":"cafe-bar-zakopane","status":"publish","type":"page","link":"https:\/\/karolowka.pl\/en\/cafe-bar-zakopane\/","title":{"rendered":"Caf\u00e9 &#038; Bar Zakopane"},"content":{"rendered":"<p>[et_pb_section bb_built=&#8221;1&#8243; admin_label=&#8221;section&#8221; background_image=&#8221;https:\/\/karolowka.pl\/en\/wp-content\/uploads\/sites\/2\/2018\/05\/caffe-bar-zakopane-karolowka.jpg&#8221; transparent_background=&#8221;off&#8221; allow_player_pause=&#8221;off&#8221; inner_shadow=&#8221;off&#8221; parallax=&#8221;on&#8221; parallax_method=&#8221;off&#8221; make_fullwidth=&#8221;off&#8221; use_custom_width=&#8221;off&#8221; width_unit=&#8221;on&#8221; make_equal=&#8221;off&#8221; use_custom_gutter=&#8221;off&#8221;][et_pb_row admin_label=&#8221;row&#8221; make_fullwidth=&#8221;off&#8221; use_custom_width=&#8221;off&#8221; width_unit=&#8221;on&#8221; use_custom_gutter=&#8221;off&#8221; background_color=&#8221;rgba(252,252,252,0.78)&#8221; allow_player_pause=&#8221;off&#8221; parallax=&#8221;off&#8221; parallax_method=&#8221;on&#8221; make_equal=&#8221;off&#8221; parallax_1=&#8221;off&#8221; parallax_method_1=&#8221;off&#8221; background_position=&#8221;top_left&#8221; background_repeat=&#8221;repeat&#8221; background_size=&#8221;initial&#8221; _builder_version=&#8221;3.2.2&#8243;][et_pb_column type=&#8221;4_4&#8243;][et_pb_text text_orientation=&#8221;center&#8221; use_border_color=&#8221;off&#8221; border_color=&#8221;#ffffff&#8221; border_style=&#8221;solid&#8221; saved_tabs=&#8221;all&#8221; background_position=&#8221;top_left&#8221; background_repeat=&#8221;repeat&#8221; background_size=&#8221;initial&#8221; module_alignment=&#8221;center&#8221; _builder_version=&#8221;3.2.2&#8243;]<\/p>\n<h1>Caf\u00e9 &amp; Bar Zakopane Hotel Dw\u00f3r Karol\u00f3wka ***<\/h1>\n<p>[\/et_pb_text][\/et_pb_column][\/et_pb_row][et_pb_row admin_label=&#8221;row&#8221; background_position=&#8221;top_left&#8221; background_repeat=&#8221;repeat&#8221; background_size=&#8221;initial&#8221;][et_pb_column type=&#8221;4_4&#8243;][et_pb_image src=&#8221;https:\/\/karolowka.pl\/en\/wp-content\/uploads\/sites\/2\/2018\/05\/img_0281.jpg&#8221; show_in_lightbox=&#8221;off&#8221; url_new_window=&#8221;off&#8221; use_overlay=&#8221;off&#8221; animation=&#8221;left&#8221; sticky=&#8221;off&#8221; align=&#8221;left&#8221; force_fullwidth=&#8221;off&#8221; always_center_on_mobile=&#8221;on&#8221; use_border_color=&#8221;off&#8221; border_color=&#8221;#ffffff&#8221; border_style=&#8221;solid&#8221; alt=&#8221;kawiarnia bar zakopane&#8221; animation_style=&#8221;slide&#8221; animation_duration=&#8221;500ms&#8221; animation_intensity_slide=&#8221;10%&#8221; animation_direction=&#8221;left&#8221; show_bottom_space=&#8221;on&#8221; \/][\/et_pb_column][\/et_pb_row][et_pb_row make_fullwidth=&#8221;off&#8221; use_custom_width=&#8221;off&#8221; width_unit=&#8221;on&#8221; use_custom_gutter=&#8221;off&#8221; background_color=&#8221;rgba(247,247,247,0.89)&#8221; allow_player_pause=&#8221;off&#8221; parallax=&#8221;off&#8221; parallax_method=&#8221;on&#8221; make_equal=&#8221;off&#8221; parallax_1=&#8221;off&#8221; parallax_method_1=&#8221;off&#8221; padding_top_1=&#8221;0%&#8221; padding_right_1=&#8221;5%&#8221; padding_bottom_1=&#8221;5%&#8221; padding_left_1=&#8221;5%&#8221; background_position=&#8221;top_left&#8221; background_repeat=&#8221;repeat&#8221; background_size=&#8221;initial&#8221;][et_pb_column type=&#8221;4_4&#8243;][et_pb_text text_orientation=&#8221;justified&#8221; use_border_color=&#8221;off&#8221; saved_tabs=&#8221;all&#8221; background_position=&#8221;top_left&#8221; background_repeat=&#8221;repeat&#8221; background_size=&#8221;initial&#8221; _builder_version=&#8221;3.2.2&#8243;]<\/p>\n<h3>Caf\u00e9 &amp; Bar Hotel Dw\u00f3r Karol\u00f3wka ***<\/h3>\n<p>Our <strong>Caf\u00e9 and Aperitif Bar<\/strong> is open from 10:00 a.m to 11:00 p.m. Serves coffee, fine spirits, drinks. Desserts as well as our original Karolowka confectioner cakes. We are confident that a wide range of wines and spirits will allow you to unwind after a grueling, mountain hiking. Comfortable, stylish design our cafe undoubtedly will entertain you each evening.<\/p>\n<p>In addition, a wide selection of Polish and foreign TV channels on the 50&#8221; screen in the caf\u00e9 will allow you to watch programs and sports events.<\/p>\n\n\t\t<style type=\"text\/css\">\n\t\t\t#gallery-1 {\n\t\t\t\tmargin: auto;\n\t\t\t}\n\t\t\t#gallery-1 .gallery-item {\n\t\t\t\tfloat: left;\n\t\t\t\tmargin-top: 10px;\n\t\t\t\ttext-align: center;\n\t\t\t\twidth: 25%;\n\t\t\t}\n\t\t\t#gallery-1 img {\n\t\t\t\tborder: 2px solid #cfcfcf;\n\t\t\t}\n\t\t\t#gallery-1 .gallery-caption {\n\t\t\t\tmargin-left: 0;\n\t\t\t}\n\t\t\t\/* see gallery_shortcode() in wp-includes\/media.php *\/\n\t\t<\/style>\n\t\t<div id='gallery-1' class='gallery galleryid-10847 gallery-columns-4 gallery-size-thumbnail'><dl class='gallery-item'>\n\t\t\t<dt class='gallery-icon portrait'>\n\t\t\t\t<a href='https:\/\/karolowka.pl\/en\/wp-content\/uploads\/sites\/2\/2018\/05\/Kawiarnia-i-Bar-Karol\u00f3wki3.jpg'><img loading=\"lazy\" decoding=\"async\" width=\"150\" height=\"150\" src=\"https:\/\/karolowka.pl\/en\/wp-content\/uploads\/sites\/2\/2018\/05\/Kawiarnia-i-Bar-Karol\u00f3wki3-150x150.jpg\" class=\"attachment-thumbnail size-thumbnail\" alt=\"cafe zakopane\" \/><\/a>\n\t\t\t<\/dt><\/dl><dl class='gallery-item'>\n\t\t\t<dt class='gallery-icon landscape'>\n\t\t\t\t<a href='https:\/\/karolowka.pl\/en\/wp-content\/uploads\/sites\/2\/2018\/05\/kontakt-2-hotel-zakopane-slajd.jpg'><img loading=\"lazy\" decoding=\"async\" width=\"150\" height=\"150\" src=\"https:\/\/karolowka.pl\/en\/wp-content\/uploads\/sites\/2\/2018\/05\/kontakt-2-hotel-zakopane-slajd-150x150.jpg\" class=\"attachment-thumbnail size-thumbnail\" alt=\"cafe and drink bar zakopane\" \/><\/a>\n\t\t\t<\/dt><\/dl><dl class='gallery-item'>\n\t\t\t<dt class='gallery-icon landscape'>\n\t\t\t\t<a href='https:\/\/karolowka.pl\/en\/wp-content\/uploads\/sites\/2\/2018\/05\/rekomendacje-zakopane-hotel-karolowka.jpg'><img loading=\"lazy\" decoding=\"async\" width=\"150\" height=\"150\" src=\"https:\/\/karolowka.pl\/en\/wp-content\/uploads\/sites\/2\/2018\/05\/rekomendacje-zakopane-hotel-karolowka-150x150.jpg\" class=\"attachment-thumbnail size-thumbnail\" alt=\"cafe &amp; bar karol\u00f3wka\" \/><\/a>\n\t\t\t<\/dt><\/dl><dl class='gallery-item'>\n\t\t\t<dt class='gallery-icon portrait'>\n\t\t\t\t<a href='https:\/\/karolowka.pl\/en\/wp-content\/uploads\/sites\/2\/2018\/05\/Wesele-w-Zakopanem.jpg'><img loading=\"lazy\" decoding=\"async\" width=\"150\" height=\"150\" src=\"https:\/\/karolowka.pl\/en\/wp-content\/uploads\/sites\/2\/2018\/05\/Wesele-w-Zakopanem-150x150.jpg\" class=\"attachment-thumbnail size-thumbnail\" alt=\"bar\" \/><\/a>\n\t\t\t<\/dt><\/dl><br style=\"clear: both\" \/><dl class='gallery-item'>\n\t\t\t<dt class='gallery-icon landscape'>\n\t\t\t\t<a href='https:\/\/karolowka.pl\/en\/wp-content\/uploads\/sites\/2\/2018\/05\/Wesele-Zakopane-Hotel-Karol\u00f3wka.jpg'><img loading=\"lazy\" decoding=\"async\" width=\"150\" height=\"150\" src=\"https:\/\/karolowka.pl\/en\/wp-content\/uploads\/sites\/2\/2018\/05\/Wesele-Zakopane-Hotel-Karol\u00f3wka-150x150.jpg\" class=\"attachment-thumbnail size-thumbnail\" alt=\"Cafe &amp; Bar\" \/><\/a>\n\t\t\t<\/dt><\/dl><dl class='gallery-item'>\n\t\t\t<dt class='gallery-icon landscape'>\n\t\t\t\t<a href='https:\/\/karolowka.pl\/en\/wp-content\/uploads\/sites\/2\/2018\/05\/Zakopane-Hotel-na-Wesele.jpg'><img loading=\"lazy\" decoding=\"async\" width=\"150\" height=\"150\" src=\"https:\/\/karolowka.pl\/en\/wp-content\/uploads\/sites\/2\/2018\/05\/Zakopane-Hotel-na-Wesele-150x150.jpg\" class=\"attachment-thumbnail size-thumbnail\" alt=\"Wedding zakopane\" \/><\/a>\n\t\t\t<\/dt><\/dl><dl class='gallery-item'>\n\t\t\t<dt class='gallery-icon landscape'>\n\t\t\t\t<a href='https:\/\/karolowka.pl\/en\/wp-content\/uploads\/sites\/2\/2018\/05\/Kawiarnia-i-Bar-Karol\u00f3wki.jpg'><img loading=\"lazy\" decoding=\"async\" width=\"150\" height=\"150\" src=\"https:\/\/karolowka.pl\/en\/wp-content\/uploads\/sites\/2\/2018\/05\/Kawiarnia-i-Bar-Karol\u00f3wki-150x150.jpg\" class=\"attachment-thumbnail size-thumbnail\" alt=\"cafe zakopane\" \/><\/a>\n\t\t\t<\/dt><\/dl><dl class='gallery-item'>\n\t\t\t<dt class='gallery-icon landscape'>\n\t\t\t\t<a href='https:\/\/karolowka.pl\/en\/wp-content\/uploads\/sites\/2\/2018\/05\/Kawiarnia-i-Bar-Karol\u00f3wki1.jpg'><img loading=\"lazy\" decoding=\"async\" width=\"150\" height=\"150\" src=\"https:\/\/karolowka.pl\/en\/wp-content\/uploads\/sites\/2\/2018\/05\/Kawiarnia-i-Bar-Karol\u00f3wki1-150x150.jpg\" class=\"attachment-thumbnail size-thumbnail\" alt=\"cafe zakopane karol\u00f3wka\" \/><\/a>\n\t\t\t<\/dt><\/dl><br style=\"clear: both\" \/><dl class='gallery-item'>\n\t\t\t<dt class='gallery-icon portrait'>\n\t\t\t\t<a href='https:\/\/karolowka.pl\/en\/wp-content\/uploads\/sites\/2\/2018\/05\/Wesele-w-Karol\u00f3wce.jpg'><img loading=\"lazy\" decoding=\"async\" width=\"150\" height=\"150\" src=\"https:\/\/karolowka.pl\/en\/wp-content\/uploads\/sites\/2\/2018\/05\/Wesele-w-Karol\u00f3wce-150x150.jpg\" class=\"attachment-thumbnail size-thumbnail\" alt=\"decoration Wedding in Karol\u00f3wka Hotel\" \/><\/a>\n\t\t\t<\/dt><\/dl><dl class='gallery-item'>\n\t\t\t<dt class='gallery-icon portrait'>\n\t\t\t\t<a href='https:\/\/karolowka.pl\/en\/wp-content\/uploads\/sites\/2\/2018\/05\/dekoracja-weselna-hotel-karol\u00f3wka.jpg'><img loading=\"lazy\" decoding=\"async\" width=\"150\" height=\"150\" src=\"https:\/\/karolowka.pl\/en\/wp-content\/uploads\/sites\/2\/2018\/05\/dekoracja-weselna-hotel-karol\u00f3wka-150x150.jpg\" class=\"attachment-thumbnail size-thumbnail\" alt=\"wedding offer decoration\" \/><\/a>\n\t\t\t<\/dt><\/dl><dl class='gallery-item'>\n\t\t\t<dt class='gallery-icon portrait'>\n\t\t\t\t<a href='https:\/\/karolowka.pl\/en\/wp-content\/uploads\/sites\/2\/2018\/05\/Dekoracja-na-wesele-Hotel-Karol\u00f3wka.jpg'><img loading=\"lazy\" decoding=\"async\" width=\"150\" height=\"150\" src=\"https:\/\/karolowka.pl\/en\/wp-content\/uploads\/sites\/2\/2018\/05\/Dekoracja-na-wesele-Hotel-Karol\u00f3wka-150x150.jpg\" class=\"attachment-thumbnail size-thumbnail\" alt=\"wedding decoration\" \/><\/a>\n\t\t\t<\/dt><\/dl><dl class='gallery-item'>\n\t\t\t<dt class='gallery-icon portrait'>\n\t\t\t\t<a href='https:\/\/karolowka.pl\/en\/wp-content\/uploads\/sites\/2\/2018\/05\/Kawiarnia-i-Bar-Karol\u00f3wki4.jpg'><img loading=\"lazy\" decoding=\"async\" width=\"150\" height=\"150\" src=\"https:\/\/karolowka.pl\/en\/wp-content\/uploads\/sites\/2\/2018\/05\/Kawiarnia-i-Bar-Karol\u00f3wki4-150x150.jpg\" class=\"attachment-thumbnail size-thumbnail\" alt=\"drink\" \/><\/a>\n\t\t\t<\/dt><\/dl><br style=\"clear: both\" \/>\n\t\t<\/div>\n\n<p>[\/et_pb_text][\/et_pb_column][\/et_pb_row][\/et_pb_section]<\/p>\n","protected":false},"excerpt":{"rendered":"<p>Caf\u00e9 &amp; Bar Zakopane Hotel Dw\u00f3r Karol\u00f3wka *** Caf\u00e9 &amp; Bar Hotel Dw\u00f3r Karol\u00f3wka *** Our Caf\u00e9 and Aperitif Bar is open from 10:00 a.m to 11:00 p.m. Serves coffee, fine spirits, drinks. Desserts as well as our original Karolowka confectioner cakes. We are confident that a wide range of wines and spirits will allow [&hellip;]<\/p>\n","protected":false},"author":4,"featured_media":304,"parent":0,"menu_order":0,"comment_status":"closed","ping_status":"closed","template":"","meta":{"_et_pb_use_builder":"on","_et_pb_old_content":"<p>Cafe & Bar Zakopane<\/p>","_et_gb_content_width":"","footnotes":""},"class_list":["post-10847","page","type-page","status-publish","has-post-thumbnail","hentry"],"_links":{"self":[{"href":"https:\/\/karolowka.pl\/en\/wp-json\/wp\/v2\/pages\/10847","targetHints":{"allow":["GET"]}}],"collection":[{"href":"https:\/\/karolowka.pl\/en\/wp-json\/wp\/v2\/pages"}],"about":[{"href":"https:\/\/karolowka.pl\/en\/wp-json\/wp\/v2\/types\/page"}],"author":[{"embeddable":true,"href":"https:\/\/karolowka.pl\/en\/wp-json\/wp\/v2\/users\/4"}],"replies":[{"embeddable":true,"href":"https:\/\/karolowka.pl\/en\/wp-json\/wp\/v2\/comments?post=10847"}],"version-history":[{"count":10,"href":"https:\/\/karolowka.pl\/en\/wp-json\/wp\/v2\/pages\/10847\/revisions"}],"predecessor-version":[{"id":29239,"href":"https:\/\/karolowka.pl\/en\/wp-json\/wp\/v2\/pages\/10847\/revisions\/29239"}],"wp:featuredmedia":[{"embeddable":true,"href":"https:\/\/karolowka.pl\/en\/wp-json\/wp\/v2\/media\/304"}],"wp:attachment":[{"href":"https:\/\/karolowka.pl\/en\/wp-json\/wp\/v2\/media?parent=10847"}],"curies":[{"name":"wp","href":"https:\/\/api.w.org\/{rel}","templated":true}]}}