{"id":10851,"date":"2018-05-14T17:50:14","date_gmt":"2018-05-14T15:50:14","guid":{"rendered":"https:\/\/karolowka.pl\/en\/?page_id=10851"},"modified":"2018-12-04T11:24:31","modified_gmt":"2018-12-04T10:24:31","slug":"prices-voucher","status":"publish","type":"page","link":"https:\/\/karolowka.pl\/en\/prices-voucher\/","title":{"rendered":"Prices &#038; Voucher"},"content":{"rendered":"<p>[et_pb_section bb_built=&#8221;1&#8243; admin_label=&#8221;section&#8221; background_image=&#8221;https:\/\/karolowka.pl\/en\/wp-content\/uploads\/sites\/2\/2018\/12\/Voucher-Karol\u00f3wka-Hotel-w-Zakopanem.jpg&#8221; parallax=&#8221;on&#8221; parallax_method=&#8221;off&#8221; _builder_version=&#8221;3.2.2&#8243;][et_pb_row admin_label=&#8221;row&#8221; make_fullwidth=&#8221;off&#8221; use_custom_width=&#8221;off&#8221; width_unit=&#8221;on&#8221; use_custom_gutter=&#8221;off&#8221; background_color=&#8221;rgba(252,252,252,0.78)&#8221; allow_player_pause=&#8221;off&#8221; parallax=&#8221;off&#8221; parallax_method=&#8221;on&#8221; make_equal=&#8221;off&#8221; parallax_1=&#8221;off&#8221; parallax_method_1=&#8221;off&#8221; background_position=&#8221;top_left&#8221; background_repeat=&#8221;repeat&#8221; background_size=&#8221;initial&#8221;][et_pb_column type=&#8221;4_4&#8243;][et_pb_text background_layout=&#8221;light&#8221; text_orientation=&#8221;center&#8221; use_border_color=&#8221;off&#8221; border_color=&#8221;#ffffff&#8221; border_style=&#8221;solid&#8221; saved_tabs=&#8221;all&#8221; background_position=&#8221;top_left&#8221; background_repeat=&#8221;repeat&#8221; background_size=&#8221;initial&#8221; module_alignment=&#8221;center&#8221; _builder_version=&#8221;3.2.2&#8243;]<\/p>\n<h2>Prices &amp; Voucher Zakopane Karol\u00f3wka Hotel Spa<\/h2>\n<p>[\/et_pb_text][\/et_pb_column][\/et_pb_row][et_pb_row admin_label=&#8221;row&#8221; background_position=&#8221;top_left&#8221; background_repeat=&#8221;repeat&#8221; background_size=&#8221;initial&#8221;][et_pb_column type=&#8221;1_2&#8243;][et_pb_blurb title=&#8221;Prices Zakopane Karol\u00f3wka Hotel Spa&#8221; url=&#8221;https:\/\/karolowka.pl\/en\/prices\/&#8221; image=&#8221;http:\/\/karolowka.pl\/wp-content\/uploads\/2017\/05\/cennik-i-voucher-karol\u00f3wka-hotel-zakopane.jpg&#8221; text_orientation=&#8221;center&#8221; use_border_color=&#8221;off&#8221; background_color=&#8221;rgba(255,255,255,0.78)&#8221; custom_padding=&#8221;5%|5%|5%|5%&#8221; body_text_color=&#8221;#8b4500&#8243; alt=&#8221;cennik hotel zakopane&#8221; saved_tabs=&#8221;all&#8221; background_position=&#8221;top_left&#8221; background_repeat=&#8221;repeat&#8221; background_size=&#8221;initial&#8221; _builder_version=&#8221;3.2.2&#8243; max_width_tablet=&#8221;50px&#8221;]<\/p>\n<p>Hotel Dw\u00f3r Karol\u00f3wka*** in Zakopane \u2013 PRICES. Check the Special offers too\u2026<\/p>\n<p>[\/et_pb_blurb][\/et_pb_column][et_pb_column type=&#8221;1_2&#8243;][et_pb_blurb title=&#8221;Voucher Zakopane Karol\u00f3wka Hotel Spa&#8221; url=&#8221;https:\/\/karolowka.pl\/en\/voucher-zakopane\/&#8221; image=&#8221;https:\/\/karolowka.pl\/en\/wp-content\/uploads\/sites\/2\/2018\/05\/voucher.jpg&#8221; text_orientation=&#8221;center&#8221; use_border_color=&#8221;off&#8221; background_color=&#8221;rgba(255,255,255,0.78)&#8221; custom_padding=&#8221;5%|5%|5%|5%&#8221; body_text_color=&#8221;#8b4500&#8243; alt=&#8221; voucher zakopane&#8221; saved_tabs=&#8221;all&#8221; background_position=&#8221;top_left&#8221; background_repeat=&#8221;repeat&#8221; background_size=&#8221;initial&#8221; _builder_version=&#8221;3.2.2&#8243; max_width_tablet=&#8221;50px&#8221;]<\/p>\n<p>Excellent gift for ones who we care the most. We recomend special offer \u201cA romantic weekend\u201d. Voucher Zakopane is valid through 14 months.<\/p>\n<p>[\/et_pb_blurb][\/et_pb_column][\/et_pb_row][\/et_pb_section]<\/p>\n","protected":false},"excerpt":{"rendered":"<p>Prices &amp; Voucher Zakopane Karol\u00f3wka Hotel Spa Hotel Dw\u00f3r Karol\u00f3wka*** in Zakopane \u2013 PRICES. Check the Special offers too\u2026 Excellent gift for ones who we care the most. We recomend special offer \u201cA romantic weekend\u201d. Voucher Zakopane is valid through 14 months.<\/p>\n","protected":false},"author":4,"featured_media":0,"parent":0,"menu_order":0,"comment_status":"closed","ping_status":"closed","template":"","meta":{"_et_pb_use_builder":"on","_et_pb_old_content":"<p>Prices & Voucher<\/p>","_et_gb_content_width":"","footnotes":""},"class_list":["post-10851","page","type-page","status-publish","hentry"],"_links":{"self":[{"href":"https:\/\/karolowka.pl\/en\/wp-json\/wp\/v2\/pages\/10851","targetHints":{"allow":["GET"]}}],"collection":[{"href":"https:\/\/karolowka.pl\/en\/wp-json\/wp\/v2\/pages"}],"about":[{"href":"https:\/\/karolowka.pl\/en\/wp-json\/wp\/v2\/types\/page"}],"author":[{"embeddable":true,"href":"https:\/\/karolowka.pl\/en\/wp-json\/wp\/v2\/users\/4"}],"replies":[{"embeddable":true,"href":"https:\/\/karolowka.pl\/en\/wp-json\/wp\/v2\/comments?post=10851"}],"version-history":[{"count":6,"href":"https:\/\/karolowka.pl\/en\/wp-json\/wp\/v2\/pages\/10851\/revisions"}],"predecessor-version":[{"id":29388,"href":"https:\/\/karolowka.pl\/en\/wp-json\/wp\/v2\/pages\/10851\/revisions\/29388"}],"wp:attachment":[{"href":"https:\/\/karolowka.pl\/en\/wp-json\/wp\/v2\/media?parent=10851"}],"curies":[{"name":"wp","href":"https:\/\/api.w.org\/{rel}","templated":true}]}}