{"id":10872,"date":"2018-05-14T18:05:19","date_gmt":"2018-05-14T16:05:19","guid":{"rendered":"https:\/\/karolowka.pl\/en\/?page_id=10872"},"modified":"2024-05-16T17:34:50","modified_gmt":"2024-05-16T15:34:50","slug":"massages-zakopane","status":"publish","type":"page","link":"https:\/\/karolowka.pl\/en\/massages-zakopane\/","title":{"rendered":"Massages Zakopane"},"content":{"rendered":"<p>[et_pb_section fb_built=&#8221;1&#8243; admin_label=&#8221;section&#8221; _builder_version=&#8221;4.16&#8243; background_image=&#8221;https:\/\/karolowka.pl\/en\/wp-content\/uploads\/sites\/2\/2018\/05\/karolowka-prezentacja-o-hotelu.jpg&#8221; parallax=&#8221;on&#8221; parallax_method=&#8221;off&#8221; transparent_background=&#8221;off&#8221; make_fullwidth=&#8221;off&#8221; use_custom_width=&#8221;off&#8221; width_unit=&#8221;on&#8221; global_colors_info=&#8221;{}&#8221;][et_pb_row admin_label=&#8221;row&#8221; _builder_version=&#8221;4.16&#8243; background_color=&#8221;rgba(252,252,252,0.78)&#8221; background_size=&#8221;initial&#8221; background_position=&#8221;top_left&#8221; background_repeat=&#8221;repeat&#8221; make_fullwidth=&#8221;off&#8221; use_custom_width=&#8221;off&#8221; width_unit=&#8221;on&#8221; global_colors_info=&#8221;{}&#8221;][et_pb_column type=&#8221;4_4&#8243; _builder_version=&#8221;4.16&#8243; custom_padding=&#8221;|||&#8221; global_colors_info=&#8221;{}&#8221; custom_padding__hover=&#8221;|||&#8221;][et_pb_text _builder_version=&#8221;4.16&#8243; background_size=&#8221;initial&#8221; background_position=&#8221;top_left&#8221; background_repeat=&#8221;repeat&#8221; text_orientation=&#8221;center&#8221; module_alignment=&#8221;center&#8221; use_border_color=&#8221;off&#8221; border_color=&#8221;#ffffff&#8221; border_style=&#8221;solid&#8221; saved_tabs=&#8221;all&#8221; global_colors_info=&#8221;{}&#8221;]<\/p>\n<h2>Massages Zakopane Hotel Dw\u00f3r Karol\u00f3wka***<\/h2>\n<p>[\/et_pb_text][\/et_pb_column][\/et_pb_row][et_pb_row admin_label=&#8221;row&#8221; _builder_version=&#8221;4.16&#8243; background_size=&#8221;initial&#8221; background_position=&#8221;top_left&#8221; background_repeat=&#8221;repeat&#8221; global_colors_info=&#8221;{}&#8221;][et_pb_column type=&#8221;4_4&#8243; _builder_version=&#8221;4.16&#8243; custom_padding=&#8221;|||&#8221; global_colors_info=&#8221;{}&#8221; custom_padding__hover=&#8221;|||&#8221;][et_pb_image src=&#8221;https:\/\/karolowka.pl\/en\/wp-content\/uploads\/sites\/2\/2018\/05\/banner-karolowka-244x77_wersjaMasaz_1-01-prev.jpg&#8221; alt=&#8221;masa\u017ce zakopane&#8221; align_tablet=&#8221;center&#8221; align_phone=&#8221;center&#8221; align_last_edited=&#8221;on|desktop&#8221; _builder_version=&#8221;4.16&#8243; animation_style=&#8221;slide&#8221; animation_direction=&#8221;left&#8221; animation_duration=&#8221;500ms&#8221; animation_intensity_slide=&#8221;10%&#8221; use_border_color=&#8221;off&#8221; border_color=&#8221;#ffffff&#8221; border_style=&#8221;solid&#8221; animation=&#8221;left&#8221; sticky=&#8221;off&#8221; always_center_on_mobile=&#8221;on&#8221; global_colors_info=&#8221;{}&#8221;][\/et_pb_image][\/et_pb_column][\/et_pb_row][et_pb_row _builder_version=&#8221;4.16&#8243; background_color=&#8221;rgba(247,247,247,0.89)&#8221; background_size=&#8221;initial&#8221; background_position=&#8221;top_left&#8221; background_repeat=&#8221;repeat&#8221; make_fullwidth=&#8221;off&#8221; use_custom_width=&#8221;off&#8221; width_unit=&#8221;on&#8221; global_colors_info=&#8221;{}&#8221;][et_pb_column type=&#8221;4_4&#8243; _builder_version=&#8221;4.16&#8243; custom_padding=&#8221;0%|5%|5%|5%&#8221; global_colors_info=&#8221;{}&#8221; custom_padding__hover=&#8221;|||&#8221;][et_pb_cta button_url=&#8221;https:\/\/karolowka.pl\/en\/reservation-of-winter-offers\/&#8221; button_text=&#8221;Check the availability of the offer&#8221; _builder_version=&#8221;4.25.1&#8243; body_text_color=&#8221;#8b4500&#8243; background_color=&#8221;rgba(255,255,255,0.78)&#8221; background_layout=&#8221;light&#8221; hover_enabled=&#8221;0&#8243; use_border_color=&#8221;off&#8221; saved_tabs=&#8221;all&#8221; global_colors_info=&#8221;{}&#8221; button_text_size__hover_enabled=&#8221;off&#8221; button_one_text_size__hover_enabled=&#8221;off&#8221; button_two_text_size__hover_enabled=&#8221;off&#8221; button_text_color__hover_enabled=&#8221;off&#8221; button_one_text_color__hover_enabled=&#8221;off&#8221; button_two_text_color__hover_enabled=&#8221;off&#8221; button_border_width__hover_enabled=&#8221;off&#8221; button_one_border_width__hover_enabled=&#8221;off&#8221; button_two_border_width__hover_enabled=&#8221;off&#8221; button_border_color__hover_enabled=&#8221;off&#8221; button_one_border_color__hover_enabled=&#8221;off&#8221; button_two_border_color__hover_enabled=&#8221;off&#8221; button_border_radius__hover_enabled=&#8221;off&#8221; button_one_border_radius__hover_enabled=&#8221;off&#8221; button_two_border_radius__hover_enabled=&#8221;off&#8221; button_letter_spacing__hover_enabled=&#8221;off&#8221; button_one_letter_spacing__hover_enabled=&#8221;off&#8221; button_two_letter_spacing__hover_enabled=&#8221;off&#8221; button_bg_color__hover_enabled=&#8221;off&#8221; button_one_bg_color__hover_enabled=&#8221;off&#8221; button_two_bg_color__hover_enabled=&#8221;off&#8221; sticky_enabled=&#8221;0&#8243;]<\/p>\n<h2>Body treatments and massages Zakopane Hotel Dw\u00f3r Karol\u00f3wka<\/h2>\n<h4>KAROLOWKA MASSAGE<\/h4>\n<p>Regeneration massage for the entire body. This massage is perfect for busy people, living in a hurry, exposed to constant stress and environmental pollution. It takes care of these parts of body which are frequently tense and painful: the back, neck, hands, hips and feet. The purifying effect is intensified by an oil massage using an Shea butter.<br \/>\n<img loading=\"lazy\" decoding=\"async\" class=\"alignright wp-image-388 size-medium\" src=\"https:\/\/karolowka.pl\/en\/wp-content\/uploads\/sites\/2\/2018\/05\/karolowka_52-200x300.jpg\" alt=\"Massages Zakopane\" width=\"200\" height=\"300\" \/><\/p>\n<h4>RELAXATION MASSAGE<\/h4>\n<p>A massage for those who long for peace of mind and relaxation. The massage lasting 45 minutes uses special techniques to take care of your back: the spine, arms, buttocks, feet and soles. This massage makes you joyful, soothes and relaxes the whole body, firms the muscles and makes you fill fit. It is recommended just before bedtime.<\/p>\n<h4>AROMATHERAPY MASSAGE<\/h4>\n<p>It is a whole body relaxation massage using the essential oil with your favourite fragrance. &#8222;Orange and cinnamon&#8221; &#8211; restores balance to oily or dry skin and has wonderful relaxing properties.&#8221;Lavender&#8221; has a calming effect, soothes headaches and muscle cramps, helps to heal wounds and injuries. &#8222;Honey&#8221; contains many vitamins and minerals. It has a relaxing effect upon your senses. It is recommended for dry and sensitive skin.&#8221;Aloe&#8221; &#8211; Aloe Vera is absorbed by your skin four times faster than water. Aloe is rich in vitamins, minerals, amino acids and enzymes. This oil is also has antiseptic and regenerating effect, contains fungicides and has healing properties. It is recommended for skin with problems. &#8222;Lemon grass and marigold&#8221; is both refreshing and relaxing. It is recommended for very sensitive skin.<\/p>\n<h4>CHINESSE BUBBLE OR LIPOVACUM MASSAGE<\/h4>\n<p>Cosmetic massage of a specific part of the body aimed at modeling the silhouette. It uses carefully chosen cosmetic products such as caffeine and cinnamon gel, or pepper extract which stimulate fat burning. Strongly hydrating chocolate cream firms and nourishes the skin and is indispensable in the fight against the cellulite. Also, the massage with the use of Chinese bubble is very beneficial for the body, it can be applied to thighs, buttocks or abdomen.<br \/>\n<img loading=\"lazy\" decoding=\"async\" class=\"alignright size-medium wp-image-391\" src=\"https:\/\/karolowka.pl\/en\/wp-content\/uploads\/sites\/2\/2018\/05\/5-300x200.jpg\" alt=\"Face massage\" width=\"300\" height=\"200\" \/><\/p>\n<h4>HOT STONE<\/h4>\n<p>Pleasant massage with hot stones. It has been known and used for centuries. It calms you down, relaxes the muscles and restores the psychophysical balance. But above all, it provides you with energy and reduces stress levels. The massage improves blood circulation and oxygenation of the internal organs. It makes endocrine glands secrete endorphins more intensely and the immune system begins to work more efficiently.<\/p>\n<h3>Prices &#8211; series of cosmetic massages Zakopane Hotel Dw\u00f3r Karol\u00f3wka<\/h3>\n<table>\n<thead>\n<tr>\n<th>Type of treatment<\/th>\n<th>Duration<\/th>\n<th>Price for 1 treatment in the package of 3 treatments<\/th>\n<th>Price 1 treatment<\/th>\n<\/tr>\n<\/thead>\n<tbody>\n<tr>\n<td>KAROLOWKA MASSAGE<\/td>\n<td>60 min.<\/td>\n<td>170 PLN<\/td>\n<td>180 PLN<\/td>\n<\/tr>\n<tr>\n<td>RELAXATION MASSAGE<\/td>\n<td>60 min.<\/td>\n<td>170 PLN<\/td>\n<td>180 PLN<\/td>\n<\/tr>\n<tr>\n<td>AROMATHERAPY MASSAGE<\/td>\n<td>60 min.<\/td>\n<td>170 PLN<\/td>\n<td>180 PLN<\/td>\n<\/tr>\n<tr>\n<td>CHINESSE BUBBLE<\/td>\n<td>30 min.<\/td>\n<td>120 PLN<\/td>\n<td>130 PLN<\/td>\n<\/tr>\n<tr>\n<td>HOT STONE<\/td>\n<td>60 min.<\/td>\n<td>190 PLN<\/td>\n<td>200 PLN<\/td>\n<\/tr>\n<\/tbody>\n<\/table>\n<h2>A series of specialized massages Zakopane Hotel Dw\u00f3r Karol\u00f3wka<\/h2>\n<p><img loading=\"lazy\" decoding=\"async\" class=\"alignright wp-image-401 size-medium\" src=\"https:\/\/karolowka.pl\/en\/wp-content\/uploads\/sites\/2\/2018\/05\/6-300x210.jpg\" alt=\"Massage hot stone\" width=\"300\" height=\"210\" \/><\/p>\n<h4>CLASSICAL MASSAGE<\/h4>\n<p>\u2013 this therapeutic massage is recommended for people suffering from back pain caused by long-term back strains (e.g. sitting work).<\/p>\n<h4>Anti-cellulite TREATMENT WITH DERMOMASSAGE<\/h4>\n<p>very intense massage using vacuum generator. The treatment brings visible effects of the liquidation of cellulite and fat. Restores firmness of the body.<\/p>\n<h3>Prices &#8211; A series of specialized massages Spa Zakopane Hotel Dw\u00f3r Karol\u00f3wka<\/h3>\n<table>\n<thead>\n<tr>\n<th>Type of massage<\/th>\n<th>Duration<\/th>\n<th>Price for 1 treatment in the package of 4 treatments<\/th>\n<th>Price 1 treatment<\/th>\n<\/tr>\n<\/thead>\n<tbody>\n<tr>\n<td>CLASSICAL MASSAGE<\/td>\n<td>30 min.<\/td>\n<td>90 PLN<\/td>\n<td>100 PLN<\/td>\n<\/tr>\n<tr>\n<td>CLASSICAL MASSAGE<\/td>\n<td>60 min.<\/td>\n<td>170 PLN<\/td>\n<td>180 PLN<\/td>\n<\/tr>\n<tr>\n<td>Anti-cellulite TREATMENT<\/td>\n<td>30- 45 min.<\/td>\n<td>180 PLN<\/td>\n<td>200 PLN<\/td>\n<\/tr>\n<tr>\n<\/tr>\n<\/tbody>\n<\/table>\n<h2>Body modeling techniques<\/h2>\n<table>\n<thead>\n<tr>\n<th>Type of treatmens<\/th>\n<th>Duration<\/th>\n<th>Price for 1 treatment in the package of 4 treatments<\/th>\n<th>Price 1 treatment<\/th>\n<\/tr>\n<\/thead>\n<tbody>\n<tr>\n<td>LIPOLASER &#8211; Intensive slimming and Anti-cellulite treatment<\/td>\n<td>30min.<\/td>\n<td>200z\u0142<\/td>\n<td>220z\u0142<\/td>\n<\/tr>\n<tr>\n<td>RF Waves on Scars and Stretch marks on the skin<\/td>\n<td>30min.<\/td>\n<td>130z\u0142<\/td>\n<td>150z\u0142<\/td>\n<\/tr>\n<tr>\n<td>Anti-cellulite treatment by LIPOVACUUM<\/td>\n<td>30min.<\/td>\n<td>180z\u0142<\/td>\n<td>200z\u0142<\/td>\n<\/tr>\n<tr>\n<td>Electrocoagulation of blood vessels<\/td>\n<td>15min.<\/td>\n<td>50z\u0142<\/td>\n<td>60z\u0142<\/td>\n<\/tr>\n<\/tbody>\n<\/table>\n<h2>Cosmetic treatments for the body and massages Zakopane Hotel Dw\u00f3r Karol\u00f3wka<\/h2>\n<h4>CAVIAR<\/h4>\n<p>&#8211; exclusive rejuvenating treatment for slimming and modeling the silhouette. Activating genes of youth. Regenerates and brightens the skin. Stages of treatment:<br \/>\nPeeling with Marine Salt Peeling<br \/>\nApplication of serum Caviar Body Elixir<br \/>\nMassage with cream Caviar Body Mousse.<\/p>\n<h4>CITRUS<\/h4>\n<p>&#8211; Intensive moisturizing, stimulating treatment for demanding skin. The effects of the treatment is to improve the elasticity of skin and skin smoothing. Skin regains its youthful appearance. Stages of treatment:<br \/>\nPeeling with Marine Salt Peeling or brown sugar<br \/>\nIntensive massage with Moroccan argan oil and orange extract.<\/p>\n<h4>SHEA BUTTER<\/h4>\n<p>&#8211; Relaxing body massage using extraordinary regenerating and rejuvenating properties of Shea butter. It contains vitamins, antioxidants and phytosterols. Very good results are obtained even for skin prone to irritation and allergy. Stages of treatment:<br \/>\nPeeling with brown sugar<br \/>\nRelaxing body massage with Shea butter<\/p>\n<h4>BODY SCRUB<\/h4>\n<p>&#8211; The procedure for cleaning, removing dead layers of skin and acne. The treatment results in illumination and rejuvenation of the skin. Kind of peeling is chosen depending on the skin type.<\/p>\n<h3>Prices &#8211; series of cosmetic body treatment Spa Zakopane<\/h3>\n<table>\n<thead>\n<tr>\n<th>Type of treatments<\/th>\n<th>Duration<\/th>\n<th>Price for 1 treatment in the package of 3 treatments<\/th>\n<th>Price for 1 treatment<\/th>\n<\/tr>\n<\/thead>\n<tbody>\n<tr>\n<td>CAVIAR<\/td>\n<td>70 min.<\/td>\n<td>220 z\u0142<\/td>\n<td>240 z\u0142<\/td>\n<\/tr>\n<tr>\n<td>CITRUS<\/td>\n<td>70 min.<\/td>\n<td>200 z\u0142<\/td>\n<td>220 z\u0142<\/td>\n<\/tr>\n<tr>\n<td>SHEA BUTTER<\/td>\n<td>70 min.<\/td>\n<td>200 z\u0142<\/td>\n<td>220z\u0142<\/td>\n<\/tr>\n<tr>\n<td>CAVITATION PEELING BACK<\/td>\n<td>30 min.<\/td>\n<td>100 z\u0142<\/td>\n<td>130 z\u0142<\/td>\n<\/tr>\n<\/tbody>\n<\/table>\n<h2>Massages Zakopane Hotel Dw\u00f3r Karolowka recommends our services.<\/h2>\n<p>[\/et_pb_cta][\/et_pb_column][\/et_pb_row][\/et_pb_section]<\/p>\n","protected":false},"excerpt":{"rendered":"<p>Massages Zakopane Hotel Dw\u00f3r Karol\u00f3wka*** Body treatments and massages Zakopane Hotel Dw\u00f3r Karol\u00f3wka KAROLOWKA MASSAGE Regeneration massage for the entire body. This massage is perfect for busy people, living in a hurry, exposed to constant stress and environmental pollution. It takes care of these parts of body which are frequently tense and painful: the back, [&hellip;]<\/p>\n","protected":false},"author":4,"featured_media":288,"parent":0,"menu_order":0,"comment_status":"closed","ping_status":"closed","template":"","meta":{"_et_pb_use_builder":"on","_et_pb_old_content":"<p>Massages Zakopane<\/p>","_et_gb_content_width":"","footnotes":""},"class_list":["post-10872","page","type-page","status-publish","has-post-thumbnail","hentry"],"_links":{"self":[{"href":"https:\/\/karolowka.pl\/en\/wp-json\/wp\/v2\/pages\/10872","targetHints":{"allow":["GET"]}}],"collection":[{"href":"https:\/\/karolowka.pl\/en\/wp-json\/wp\/v2\/pages"}],"about":[{"href":"https:\/\/karolowka.pl\/en\/wp-json\/wp\/v2\/types\/page"}],"author":[{"embeddable":true,"href":"https:\/\/karolowka.pl\/en\/wp-json\/wp\/v2\/users\/4"}],"replies":[{"embeddable":true,"href":"https:\/\/karolowka.pl\/en\/wp-json\/wp\/v2\/comments?post=10872"}],"version-history":[{"count":9,"href":"https:\/\/karolowka.pl\/en\/wp-json\/wp\/v2\/pages\/10872\/revisions"}],"predecessor-version":[{"id":31328,"href":"https:\/\/karolowka.pl\/en\/wp-json\/wp\/v2\/pages\/10872\/revisions\/31328"}],"wp:featuredmedia":[{"embeddable":true,"href":"https:\/\/karolowka.pl\/en\/wp-json\/wp\/v2\/media\/288"}],"wp:attachment":[{"href":"https:\/\/karolowka.pl\/en\/wp-json\/wp\/v2\/media?parent=10872"}],"curies":[{"name":"wp","href":"https:\/\/api.w.org\/{rel}","templated":true}]}}