{"id":10881,"date":"2018-05-14T18:09:03","date_gmt":"2018-05-14T16:09:03","guid":{"rendered":"https:\/\/karolowka.pl\/en\/?page_id=10881"},"modified":"2026-04-18T23:35:25","modified_gmt":"2026-04-18T21:35:25","slug":"the-hotel","status":"publish","type":"page","link":"https:\/\/karolowka.pl\/en\/the-hotel\/","title":{"rendered":"The Hotel"},"content":{"rendered":"<p>[et_pb_section fb_built=&#8221;1&#8243; admin_label=&#8221;section&#8221; _builder_version=&#8221;4.16&#8243; background_image=&#8221;https:\/\/karolowka.pl\/en\/wp-content\/uploads\/sites\/2\/2019\/11\/Tatra-Mountains-winter.jpg&#8221; parallax=&#8221;on&#8221; parallax_method=&#8221;off&#8221; inner_width_tablet=&#8221;50px&#8221; inner_max_width_tablet=&#8221;100px&#8221; inner_max_width_phone=&#8221;50px&#8221; z_index_tablet=&#8221;500&#8243; box_shadow_horizontal_tablet=&#8221;0px&#8221; box_shadow_vertical_tablet=&#8221;0px&#8221; box_shadow_blur_tablet=&#8221;40px&#8221; box_shadow_spread_tablet=&#8221;0px&#8221; global_colors_info=&#8221;{}&#8221;][et_pb_row admin_label=&#8221;row&#8221; _builder_version=&#8221;4.16&#8243; background_color=&#8221;rgba(252,252,252,0.78)&#8221; background_size=&#8221;initial&#8221; background_position=&#8221;top_left&#8221; background_repeat=&#8221;repeat&#8221; make_fullwidth=&#8221;off&#8221; use_custom_width=&#8221;off&#8221; width_unit=&#8221;on&#8221; global_colors_info=&#8221;{}&#8221;][et_pb_column type=&#8221;4_4&#8243; _builder_version=&#8221;4.16&#8243; custom_padding=&#8221;|||&#8221; global_colors_info=&#8221;{}&#8221; custom_padding__hover=&#8221;|||&#8221;][et_pb_text _builder_version=&#8221;4.16&#8243; text_orientation=&#8221;center&#8221; use_border_color=&#8221;off&#8221; global_colors_info=&#8221;{}&#8221;]<\/p>\n<h1>Zakopane Hotel Spa &amp; Restaurant Karolowka<\/h1>\n<p>[\/et_pb_text][\/et_pb_column][\/et_pb_row][et_pb_row column_structure=&#8221;1_2,1_2&#8243; admin_label=&#8221;row&#8221; _builder_version=&#8221;4.16&#8243; background_size=&#8221;initial&#8221; background_position=&#8221;top_left&#8221; background_repeat=&#8221;repeat&#8221; global_colors_info=&#8221;{}&#8221;][et_pb_column type=&#8221;1_2&#8243; _builder_version=&#8221;4.16&#8243; custom_padding=&#8221;|||&#8221; global_colors_info=&#8221;{}&#8221; custom_padding__hover=&#8221;|||&#8221;][et_pb_blurb title=&#8221;Hotel Dw\u00f3r Karol\u00f3wka&#8221; url=&#8221;https:\/\/karolowka.pl\/en\/zakopane-hotel\/&#8221; image=&#8221;https:\/\/karolowka.pl\/en\/wp-content\/uploads\/sites\/2\/2018\/05\/zakopane-atrakcje-hotel-1.jpg&#8221; alt=&#8221;hotel karol\u00f3wka&#8221; _builder_version=&#8221;4.16&#8243; body_text_color=&#8221;#8b4500&#8243; background_color=&#8221;rgba(255,255,255,0.78)&#8221; text_orientation=&#8221;center&#8221; custom_padding=&#8221;5%|5%|5%|5%&#8221; use_border_color=&#8221;off&#8221; use_circle=&#8221;off&#8221; use_circle_border=&#8221;off&#8221; global_colors_info=&#8221;{}&#8221;]Hotel Spa Karol\u00f3wka it&#8217;s a perfect place for romantic weekend and family vacation. We present interesting offer for those who want to relax close to nature and spend time in active way taking care of health and beauty.Dw\u00f3r Karol\u00f3wka and surroundings are interesting base for active tourism.<br \/>\n[\/et_pb_blurb][\/et_pb_column][et_pb_column type=&#8221;1_2&#8243; _builder_version=&#8221;4.16&#8243; custom_padding=&#8221;|||&#8221; global_colors_info=&#8221;{}&#8221; custom_padding__hover=&#8221;|||&#8221;][et_pb_blurb title=&#8221;Rooms&#8221; url=&#8221;https:\/\/karolowka.pl\/en\/zakopane-rooms\/&#8221; image=&#8221;https:\/\/karolowka.pl\/en\/wp-content\/uploads\/sites\/2\/2018\/05\/pokoj-dwuosobowy.jpg&#8221; alt=&#8221;zakopane hotel pokoje&#8221; _builder_version=&#8221;4.27.6&#8243; body_text_color=&#8221;#8b4500&#8243; background_color=&#8221;rgba(255,255,255,0.78)&#8221; text_orientation=&#8221;center&#8221; custom_padding=&#8221;5%|5%|5%|5%&#8221; use_border_color=&#8221;off&#8221; border_color=&#8221;#ffffff&#8221; border_style=&#8221;solid&#8221; global_colors_info=&#8221;{}&#8221;]Karol\u00f3wka \u2013 regional hotel in Tatra Mountains. Stylish, well-equipped comfortable rooms with many amenities in all rooms. TV with DVD, refrigerator, electric kettle with service, hair dryer, Wi-Fi. Hotel reception is available 24 hours a day.<br \/>\n[\/et_pb_blurb][\/et_pb_column][\/et_pb_row][et_pb_row column_structure=&#8221;1_2,1_2&#8243; admin_label=&#8221;row&#8221; _builder_version=&#8221;4.16&#8243; background_size=&#8221;initial&#8221; background_position=&#8221;top_left&#8221; background_repeat=&#8221;repeat&#8221; global_colors_info=&#8221;{}&#8221;][et_pb_column type=&#8221;1_2&#8243; _builder_version=&#8221;4.16&#8243; custom_padding=&#8221;|||&#8221; global_colors_info=&#8221;{}&#8221; custom_padding__hover=&#8221;|||&#8221;][et_pb_blurb title=&#8221;Restaurant&#8221; url=&#8221;https:\/\/karolowka.pl\/en\/restaurant-zakopane\/&#8221; image=&#8221;https:\/\/karolowka.pl\/en\/wp-content\/uploads\/sites\/2\/2018\/05\/karolowka-restauracja-zakopane.jpg&#8221; alt=&#8221;zakopane hotel restaurant&#8221; _builder_version=&#8221;4.16&#8243; body_text_color=&#8221;#8b4500&#8243; background_color=&#8221;rgba(255,255,255,0.78)&#8221; text_orientation=&#8221;center&#8221; max_width_tablet=&#8221;50px&#8221; custom_padding=&#8221;5%|5%|5%|5%&#8221; use_border_color=&#8221;off&#8221; global_colors_info=&#8221;{}&#8221;]Restaurant Karol\u00f3wka in Zakopane with excellent cuisine based on traditional recipes and products of the Tatra Mountains<br \/>\n[\/et_pb_blurb][\/et_pb_column][et_pb_column type=&#8221;1_2&#8243; _builder_version=&#8221;4.16&#8243; custom_padding=&#8221;|||&#8221; global_colors_info=&#8221;{}&#8221; custom_padding__hover=&#8221;|||&#8221;][et_pb_blurb title=&#8221;Caffe &#038; bar&#8221; url=&#8221;https:\/\/karolowka.pl\/en\/cafe-bar-zakopane\/&#8221; image=&#8221;https:\/\/karolowka.pl\/en\/wp-content\/uploads\/sites\/2\/2018\/05\/caffe-bar-zakopane-karolowka.jpg&#8221; alt=&#8221;zakopane hotel bar&#8221; _builder_version=&#8221;4.16&#8243; body_text_color=&#8221;#8b4500&#8243; background_color=&#8221;rgba(255,255,255,0.78)&#8221; text_orientation=&#8221;center&#8221; custom_padding=&#8221;5%|5%|5%|5%&#8221; use_border_color=&#8221;off&#8221; global_colors_info=&#8221;{}&#8221;]Rich choice of drinks, excellent coffee Vergnano, original desserts and the best relax only in a Caffe &amp; Bar Karol\u00f3wka.<br \/>\n[\/et_pb_blurb][\/et_pb_column][\/et_pb_row][et_pb_row column_structure=&#8221;1_2,1_2&#8243; admin_label=&#8221;row&#8221; _builder_version=&#8221;4.16&#8243; background_size=&#8221;initial&#8221; background_position=&#8221;top_left&#8221; background_repeat=&#8221;repeat&#8221; global_colors_info=&#8221;{}&#8221;][et_pb_column type=&#8221;1_2&#8243; _builder_version=&#8221;4.16&#8243; custom_padding=&#8221;|||&#8221; global_colors_info=&#8221;{}&#8221; custom_padding__hover=&#8221;|||&#8221;][et_pb_blurb title=&#8221;Karol\u00f3wka Hotel in Zakopane for families with children&#8221; url=&#8221;https:\/\/karolowka.pl\/en\/hotel-for-families-with-children\/&#8221; image=&#8221;https:\/\/karolowka.pl\/en\/wp-content\/uploads\/sites\/2\/2018\/05\/karolowka-hotel-zakopane-dla-dzieci.jpg&#8221; alt=&#8221;zakopane hotel for familes&#8221; _builder_version=&#8221;4.16&#8243; body_text_color=&#8221;#8b4500&#8243; background_color=&#8221;rgba(255,255,255,0.78)&#8221; text_orientation=&#8221;center&#8221; custom_padding=&#8221;5%|5%|5%|5%&#8221; use_border_color=&#8221;off&#8221; global_colors_info=&#8221;{}&#8221;]Dw\u00f3r Karol\u00f3wka Hotel in Zakopane is a exellent place for families with children. For family we offer a comfortable studios with additional equipment. Our restaurant offer specially selected menu for children tastes.<br \/>\n[\/et_pb_blurb][\/et_pb_column][et_pb_column type=&#8221;1_2&#8243; _builder_version=&#8221;4.16&#8243; custom_padding=&#8221;|||&#8221; global_colors_info=&#8221;{}&#8221; custom_padding__hover=&#8221;|||&#8221;][et_pb_blurb title=&#8221;Zakopane&#8221; url=&#8221;https:\/\/karolowka.pl\/en\/zakopane-i-wycieczki\/&#8221; image=&#8221;https:\/\/karolowka.pl\/wp-content\/uploads\/2016\/11\/Hotel-Dw\u00f3r-Karol\u00f3wka5.jpg&#8221; alt=&#8221;zakopane&#8221; _builder_version=&#8221;4.16&#8243; body_text_color=&#8221;#8b4500&#8243; background_color=&#8221;rgba(255,255,255,0.78)&#8221; text_orientation=&#8221;center&#8221; custom_padding=&#8221;5%|5%|5%|5%&#8221; use_border_color=&#8221;off&#8221; use_circle=&#8221;off&#8221; use_circle_border=&#8221;off&#8221; global_colors_info=&#8221;{}&#8221;]The Tatra Mountains is without a doubt the most exquisite region of Poland. Tatra Mountains, Zakopane and friendly locals with their rich culture welcomes you. For active we also offer a extensive program of trips.<br \/>\n[\/et_pb_blurb][\/et_pb_column][\/et_pb_row][\/et_pb_section]<\/p>\n","protected":false},"excerpt":{"rendered":"<p>Zakopane Hotel Spa &amp; Restaurant Karolowka Hotel Spa Karol\u00f3wka it&#8217;s a perfect place for romantic weekend and family vacation. We present interesting offer for those who want to relax close to nature and spend time in active way taking care of health and beauty.Dw\u00f3r Karol\u00f3wka and surroundings are interesting base for active tourism. Karol\u00f3wka \u2013 [&hellip;]<\/p>\n","protected":false},"author":4,"featured_media":29477,"parent":0,"menu_order":0,"comment_status":"closed","ping_status":"closed","template":"","meta":{"_et_pb_use_builder":"on","_et_pb_old_content":"<p>The hotel<\/p>","_et_gb_content_width":"","footnotes":""},"class_list":["post-10881","page","type-page","status-publish","has-post-thumbnail","hentry"],"_links":{"self":[{"href":"https:\/\/karolowka.pl\/en\/wp-json\/wp\/v2\/pages\/10881","targetHints":{"allow":["GET"]}}],"collection":[{"href":"https:\/\/karolowka.pl\/en\/wp-json\/wp\/v2\/pages"}],"about":[{"href":"https:\/\/karolowka.pl\/en\/wp-json\/wp\/v2\/types\/page"}],"author":[{"embeddable":true,"href":"https:\/\/karolowka.pl\/en\/wp-json\/wp\/v2\/users\/4"}],"replies":[{"embeddable":true,"href":"https:\/\/karolowka.pl\/en\/wp-json\/wp\/v2\/comments?post=10881"}],"version-history":[{"count":11,"href":"https:\/\/karolowka.pl\/en\/wp-json\/wp\/v2\/pages\/10881\/revisions"}],"predecessor-version":[{"id":31810,"href":"https:\/\/karolowka.pl\/en\/wp-json\/wp\/v2\/pages\/10881\/revisions\/31810"}],"wp:featuredmedia":[{"embeddable":true,"href":"https:\/\/karolowka.pl\/en\/wp-json\/wp\/v2\/media\/29477"}],"wp:attachment":[{"href":"https:\/\/karolowka.pl\/en\/wp-json\/wp\/v2\/media?parent=10881"}],"curies":[{"name":"wp","href":"https:\/\/api.w.org\/{rel}","templated":true}]}}