{"id":10883,"date":"2018-05-14T18:10:59","date_gmt":"2018-05-14T16:10:59","guid":{"rendered":"https:\/\/karolowka.pl\/en\/?page_id=10883"},"modified":"2018-06-20T20:35:46","modified_gmt":"2018-06-20T18:35:46","slug":"hotel-for-families-with-children-zakopane","status":"publish","type":"page","link":"https:\/\/karolowka.pl\/en\/hotel-for-families-with-children-zakopane\/","title":{"rendered":"Hotel for Families with Children Zakopane"},"content":{"rendered":"<p>[et_pb_section bb_built=&#8221;1&#8243; admin_label=&#8221;section&#8221; background_image=&#8221;https:\/\/karolowka.pl\/en\/wp-content\/uploads\/sites\/2\/2018\/05\/phoca_thumb_l_karolowka_37.jpg&#8221; transparent_background=&#8221;off&#8221; allow_player_pause=&#8221;off&#8221; inner_shadow=&#8221;off&#8221; parallax=&#8221;on&#8221; parallax_method=&#8221;off&#8221; make_fullwidth=&#8221;off&#8221; use_custom_width=&#8221;off&#8221; width_unit=&#8221;on&#8221; make_equal=&#8221;off&#8221; use_custom_gutter=&#8221;off&#8221;][et_pb_row admin_label=&#8221;row&#8221; make_fullwidth=&#8221;off&#8221; use_custom_width=&#8221;off&#8221; width_unit=&#8221;on&#8221; use_custom_gutter=&#8221;off&#8221; background_color=&#8221;rgba(252,252,252,0.78)&#8221; allow_player_pause=&#8221;off&#8221; parallax=&#8221;off&#8221; parallax_method=&#8221;on&#8221; make_equal=&#8221;off&#8221; parallax_1=&#8221;off&#8221; parallax_method_1=&#8221;off&#8221; background_position=&#8221;top_left&#8221; background_repeat=&#8221;repeat&#8221; background_size=&#8221;initial&#8221;][et_pb_column type=&#8221;4_4&#8243;][et_pb_text text_orientation=&#8221;center&#8221; use_border_color=&#8221;off&#8221; saved_tabs=&#8221;all&#8221; background_position=&#8221;top_left&#8221; background_repeat=&#8221;repeat&#8221; background_size=&#8221;initial&#8221; module_alignment=&#8221;center&#8221; _builder_version=&#8221;3.2.2&#8243;]<\/p>\n<h1>For families with children &#8211; Karol\u00f3wka Hotel in Zakopane.<\/h1>\n<p>[\/et_pb_text][\/et_pb_column][\/et_pb_row][et_pb_row admin_label=&#8221;row&#8221; background_position=&#8221;top_left&#8221; background_repeat=&#8221;repeat&#8221; background_size=&#8221;initial&#8221;][et_pb_column type=&#8221;4_4&#8243;][et_pb_image src=&#8221;http:\/\/karolowka.pl\/wp-content\/uploads\/2017\/05\/hotel-dw\u00f3r-karol\u00f3wka-wczasy-dla-rodzin-z-dzie\u0107mi-zakopane.jpg&#8221; show_in_lightbox=&#8221;off&#8221; url_new_window=&#8221;off&#8221; use_overlay=&#8221;off&#8221; animation=&#8221;left&#8221; sticky=&#8221;off&#8221; align=&#8221;left&#8221; force_fullwidth=&#8221;off&#8221; always_center_on_mobile=&#8221;on&#8221; use_border_color=&#8221;off&#8221; border_color=&#8221;#ffffff&#8221; border_style=&#8221;solid&#8221; alt=&#8221;karol\u00f3wka hotel dla rodzin z dzie\u0107mi&#8221; animation_style=&#8221;slide&#8221; animation_duration=&#8221;500ms&#8221; animation_intensity_slide=&#8221;10%&#8221; animation_direction=&#8221;left&#8221; show_bottom_space=&#8221;on&#8221; \/][\/et_pb_column][\/et_pb_row][et_pb_row make_fullwidth=&#8221;off&#8221; use_custom_width=&#8221;off&#8221; width_unit=&#8221;on&#8221; use_custom_gutter=&#8221;off&#8221; background_color=&#8221;rgba(247,247,247,0.89)&#8221; allow_player_pause=&#8221;off&#8221; parallax=&#8221;off&#8221; parallax_method=&#8221;on&#8221; make_equal=&#8221;off&#8221; parallax_1=&#8221;off&#8221; parallax_method_1=&#8221;off&#8221; padding_top_1=&#8221;5%&#8221; padding_right_1=&#8221;5%&#8221; padding_bottom_1=&#8221;5%&#8221; padding_left_1=&#8221;5%&#8221; background_position=&#8221;top_left&#8221; background_repeat=&#8221;repeat&#8221; background_size=&#8221;initial&#8221;][et_pb_column type=&#8221;4_4&#8243;][et_pb_text background_layout=&#8221;light&#8221; text_orientation=&#8221;justified&#8221; use_border_color=&#8221;off&#8221; border_color=&#8221;#ffffff&#8221; border_style=&#8221;solid&#8221; saved_tabs=&#8221;all&#8221; background_position=&#8221;top_left&#8221; background_repeat=&#8221;repeat&#8221; background_size=&#8221;initial&#8221;]<\/p>\n<h3>Hotel Dw\u00f3r Karol\u00f3wka for our youngest guests and their parents we have prepared a variety of attractions and amenities.<\/h3>\n<p>In our hotel we welcome every child with a warm smile.<\/p>\n<p>We offer a wide range of attractions and amenities to our youngest guests:<\/p>\n<ul>\n<li>We always have an updated phone number to the nearest GP, pediatrician and nurse, as well as the contact to the nearest pharmacy<\/li>\n<li>We have a playground and fun corner next to the restaurant with crayons, coloring books, toys, building blocks and a rocking horse<\/li>\n<li>There are special menus for children<\/li>\n<li>The hotel has a special high feeding chair for babies<\/li>\n<li>A baby cot with accessories (blanket, pillow) can be rented on request (for an extra charge 20,00 PLN \/ day)<\/li>\n<li>A baby bath and food warmer tub can be rented<\/li>\n<li>On request we can provide a kettle to the room<\/li>\n<li>On request we can provide extra towels for children and disposable cups<\/li>\n<li>There is a playground in front of the hotel, we have trampoline, a swing and a large garden with benches<\/li>\n<li>We give tips for family trips in the area (such as horse carriage ride to Morskie Oko pond, a trip to thermal pools in Bukowina Tatrza\u0144ska, Aqua Park in Zakopane, fun in the Ropes Adventure Park, sleigh rides with torches in winter)<\/li>\n<li>We offer attractive packages for families with children: children under 3 years old stay in our hotel free of charge! Children aged 4 to 10 &#8211; 50% discount!<\/li>\n<li>Families with children can use our comfortable and spacious four-bed De Lux studios (two separate rooms with a shared bathroom, each equipped with a TV set) to enjoy a peaceful stay.<\/li>\n<\/ul>\n\n<p>[\/et_pb_text][\/et_pb_column][\/et_pb_row][\/et_pb_section]<\/p>\n","protected":false},"excerpt":{"rendered":"<p>For families with children &#8211; Karol\u00f3wka Hotel in Zakopane. Hotel Dw\u00f3r Karol\u00f3wka for our youngest guests and their parents we have prepared a variety of attractions and amenities. In our hotel we welcome every child with a warm smile. We offer a wide range of attractions and amenities to our youngest guests: We always have [&hellip;]<\/p>\n","protected":false},"author":4,"featured_media":0,"parent":0,"menu_order":0,"comment_status":"closed","ping_status":"closed","template":"","meta":{"_et_pb_use_builder":"on","_et_pb_old_content":"<p>For Famillies with children Zakopane<\/p>","_et_gb_content_width":"","footnotes":""},"class_list":["post-10883","page","type-page","status-publish","hentry"],"_links":{"self":[{"href":"https:\/\/karolowka.pl\/en\/wp-json\/wp\/v2\/pages\/10883","targetHints":{"allow":["GET"]}}],"collection":[{"href":"https:\/\/karolowka.pl\/en\/wp-json\/wp\/v2\/pages"}],"about":[{"href":"https:\/\/karolowka.pl\/en\/wp-json\/wp\/v2\/types\/page"}],"author":[{"embeddable":true,"href":"https:\/\/karolowka.pl\/en\/wp-json\/wp\/v2\/users\/4"}],"replies":[{"embeddable":true,"href":"https:\/\/karolowka.pl\/en\/wp-json\/wp\/v2\/comments?post=10883"}],"version-history":[{"count":6,"href":"https:\/\/karolowka.pl\/en\/wp-json\/wp\/v2\/pages\/10883\/revisions"}],"predecessor-version":[{"id":29241,"href":"https:\/\/karolowka.pl\/en\/wp-json\/wp\/v2\/pages\/10883\/revisions\/29241"}],"wp:attachment":[{"href":"https:\/\/karolowka.pl\/en\/wp-json\/wp\/v2\/media?parent=10883"}],"curies":[{"name":"wp","href":"https:\/\/api.w.org\/{rel}","templated":true}]}}