{"id":10893,"date":"2018-05-14T18:16:33","date_gmt":"2018-05-14T16:16:33","guid":{"rendered":"https:\/\/karolowka.pl\/en\/?page_id=10893"},"modified":"2026-03-13T19:42:48","modified_gmt":"2026-03-13T18:42:48","slug":"dinner-for-couples-zakopane","status":"publish","type":"page","link":"https:\/\/karolowka.pl\/en\/dinner-for-couples-zakopane\/","title":{"rendered":"Romantic Dinner for Couples Zakopane"},"content":{"rendered":"<p>[et_pb_section fb_built=&#8221;1&#8243; admin_label=&#8221;section&#8221; _builder_version=&#8221;4.16&#8243; background_image=&#8221;https:\/\/karolowka.pl\/en\/wp-content\/uploads\/sites\/2\/2018\/05\/restauracja-5.jpg&#8221; parallax=&#8221;on&#8221; parallax_method=&#8221;off&#8221; transparent_background=&#8221;off&#8221; make_fullwidth=&#8221;off&#8221; use_custom_width=&#8221;off&#8221; width_unit=&#8221;on&#8221; global_colors_info=&#8221;{}&#8221;][et_pb_row admin_label=&#8221;row&#8221; _builder_version=&#8221;4.16&#8243; background_color=&#8221;rgba(252,252,252,0.78)&#8221; background_size=&#8221;initial&#8221; background_position=&#8221;top_left&#8221; background_repeat=&#8221;repeat&#8221; make_fullwidth=&#8221;off&#8221; use_custom_width=&#8221;off&#8221; width_unit=&#8221;on&#8221; global_colors_info=&#8221;{}&#8221;][et_pb_column type=&#8221;4_4&#8243; _builder_version=&#8221;4.16&#8243; custom_padding=&#8221;|||&#8221; global_colors_info=&#8221;{}&#8221; custom_padding__hover=&#8221;|||&#8221;][et_pb_text _builder_version=&#8221;4.27.6&#8243; background_size=&#8221;initial&#8221; background_position=&#8221;top_left&#8221; background_repeat=&#8221;repeat&#8221; text_orientation=&#8221;center&#8221; module_alignment=&#8221;center&#8221; use_border_color=&#8221;off&#8221; saved_tabs=&#8221;all&#8221; global_colors_info=&#8221;{}&#8221;]<\/p>\n<h1>Romantic dinner for couples &#8211; Zakopane &#8211; Hotel Dw\u00f3r Karol\u00f3wka Restaurant<\/h1>\n<p>[\/et_pb_text][\/et_pb_column][\/et_pb_row][et_pb_row _builder_version=&#8221;4.16&#8243; background_color=&#8221;rgba(247,247,247,0.89)&#8221; background_size=&#8221;initial&#8221; background_position=&#8221;top_left&#8221; background_repeat=&#8221;repeat&#8221; make_fullwidth=&#8221;off&#8221; use_custom_width=&#8221;off&#8221; width_unit=&#8221;on&#8221; global_colors_info=&#8221;{}&#8221;][et_pb_column type=&#8221;4_4&#8243; _builder_version=&#8221;4.16&#8243; custom_padding=&#8221;5%|5%|5%|5%&#8221; global_colors_info=&#8221;{}&#8221; custom_padding__hover=&#8221;|||&#8221;][et_pb_image src=&#8221;http:\/\/karolowka.pl\/wp-content\/uploads\/2017\/05\/kolacja-we-dwoje-zakopane-karol\u00f3wka.jpg&#8221; alt=&#8221;romantyczna kolacja we dwoje&#8221; align_tablet=&#8221;center&#8221; align_phone=&#8221;&#8221; align_last_edited=&#8221;on|desktop&#8221; _builder_version=&#8221;4.16&#8243; animation_style=&#8221;slide&#8221; animation_direction=&#8221;left&#8221; animation_duration=&#8221;500ms&#8221; animation_intensity_slide=&#8221;10%&#8221; use_border_color=&#8221;off&#8221; border_color=&#8221;#ffffff&#8221; border_style=&#8221;solid&#8221; animation=&#8221;left&#8221; sticky=&#8221;off&#8221; always_center_on_mobile=&#8221;on&#8221; global_colors_info=&#8221;{}&#8221;][\/et_pb_image][et_pb_cta title=&#8221;<\/p>\n<h2>Romantic Dinner for Two \u2013 Zakopane \u2013 Karol\u00f3wka Regional Restaurant<\/h2>\n<p>&#8221; button_url=&#8221;https:\/\/karolowka.pl\/en\/contact\/&#8221; button_text=&#8221;Book the restaurant offer&#8221; _builder_version=&#8221;4.27.6&#8243; body_text_color=&#8221;#8b4500&#8243; background_color=&#8221;rgba(255,255,255,0.78)&#8221; background_layout=&#8221;light&#8221; hover_enabled=&#8221;0&#8243; use_border_color=&#8221;off&#8221; saved_tabs=&#8221;all&#8221; global_colors_info=&#8221;{}&#8221; button_text_size__hover_enabled=&#8221;off&#8221; button_one_text_size__hover_enabled=&#8221;off&#8221; button_two_text_size__hover_enabled=&#8221;off&#8221; button_text_color__hover_enabled=&#8221;off&#8221; button_one_text_color__hover_enabled=&#8221;off&#8221; button_two_text_color__hover_enabled=&#8221;off&#8221; button_border_width__hover_enabled=&#8221;off&#8221; button_one_border_width__hover_enabled=&#8221;off&#8221; button_two_border_width__hover_enabled=&#8221;off&#8221; button_border_color__hover_enabled=&#8221;off&#8221; button_one_border_color__hover_enabled=&#8221;off&#8221; button_two_border_color__hover_enabled=&#8221;off&#8221; button_border_radius__hover_enabled=&#8221;off&#8221; button_one_border_radius__hover_enabled=&#8221;off&#8221; button_two_border_radius__hover_enabled=&#8221;off&#8221; button_letter_spacing__hover_enabled=&#8221;off&#8221; button_one_letter_spacing__hover_enabled=&#8221;off&#8221; button_two_letter_spacing__hover_enabled=&#8221;off&#8221; button_bg_color__hover_enabled=&#8221;off&#8221; button_one_bg_color__hover_enabled=&#8221;off&#8221; button_two_bg_color__hover_enabled=&#8221;off&#8221; sticky_enabled=&#8221;0&#8243;]<\/p>\n<p>We invite you to a special candlelit dinner with a carefully selected menu at the Karol\u00f3wka Hotel Restaurant. A special table arrangement and a red rose will ensure a romantic and intimate atmosphere for your evening.<br \/><img loading=\"lazy\" decoding=\"async\" class=\"alignright wp-image-8897\" src=\"http:\/\/karolowka.pl\/wp-content\/uploads\/2017\/05\/romantycznie-w-karol\u00f3wce-zakopane.jpg\" alt=\"romantyczny\" width=\"302\" height=\"453\" \/><br \/><strong>Romantic dinner for couples &#8211; price for two people is 280,00 PLN<br \/><\/strong><br \/>The romantic dinner menu includes an appetizer, a main course, a dessert, a glass of wine, and coffee, tea, or mineral water.<\/p>\n<p style=\"text-align: left\" data-path-to-node=\"2\"><strong>Appetizers \u2013 to choose from:<\/strong><\/p>\n<ul data-path-to-node=\"3\">\n<li style=\"text-align: left\">\n<p data-path-to-node=\"3,0,0\">Parma ham rolls with grilled zucchini and Parmesan cheese.<\/p>\n<\/li>\n<li style=\"text-align: left\">\n<p data-path-to-node=\"3,1,0\">Grilled &#8222;Oscypek&#8221; (regional sheep cheese) served with cranberry jam.<\/p>\n<\/li>\n<li>\n<p style=\"text-align: left\" data-path-to-node=\"3,2,0\">Basil Caprese.<\/p>\n<\/li>\n<\/ul>\n<p style=\"text-align: left\" data-path-to-node=\"4\"><strong>Special Menu \u2013 main courses to choose from:<\/strong><\/p>\n<ul data-path-to-node=\"5\">\n<li style=\"text-align: left\">\n<p data-path-to-node=\"5,0,0\">Highlander&#8217;s Feast for Two \u2013 grilled pork neck, bacon rolls stuffed with cheese and pork loin, meat pierogi, served with a selection of fresh salads.<\/p>\n<\/li>\n<li style=\"text-align: left\">\n<p data-path-to-node=\"5,1,0\">Steamed Poultry &#8222;Pouches&#8221; stuffed with vegetables \u2013 Karol\u00f3wka\u2019s specialty, served with mashed potatoes and a set of fresh salads.<\/p>\n<\/li>\n<li style=\"text-align: left\">\n<p data-path-to-node=\"5,2,0\">Stream Trout with toasted almonds, rosemary roasted potatoes, and a selection of fresh salads.<\/p>\n<\/li>\n<li>\n<p style=\"text-align: left\" data-path-to-node=\"5,3,0\">Leg of Lamb in gravy served with Zakopane-style &#8222;kopytka&#8221; (potato dumplings) with &#8222;bryndza&#8221; cheese and glazed beets.<\/p>\n<\/li>\n<\/ul>\n<p style=\"text-align: left\" data-path-to-node=\"6\"><b data-path-to-node=\"6\" data-index-in-node=\"0\">Desserts \u2013 to choose from:<\/b><\/p>\n<ul data-path-to-node=\"7\">\n<li style=\"text-align: left\">\n<p data-path-to-node=\"7,0,0\">Warm Apple Pie with a scoop of vanilla ice cream.<\/p>\n<\/li>\n<li style=\"text-align: left\">\n<p data-path-to-node=\"7,1,0\">Vanilla Ice Cream with natural strawberry mousse.<\/p>\n<\/li>\n<li style=\"text-align: left\">\n<p data-path-to-node=\"7,2,0\">Chocolate Ice Cream with Advocaat.<\/p>\n<\/li>\n<li>\n<p style=\"text-align: left\" data-path-to-node=\"7,3,0\">Viennese Cheesecake.<\/p>\n<\/li>\n<\/ul>\n<p data-path-to-node=\"9\">To book the <b data-path-to-node=\"9\" data-index-in-node=\"12\">&#8222;Dinner for Two in Zakopane&#8221;<\/b> \u2013 please contact us in advance by phone to arrange the date and reserve a table: <br \/><b data-path-to-node=\"9\" data-index-in-node=\"199\">tel. +48 18 201 13 17<\/b>.<\/p>\n<p data-path-to-node=\"10\">The proposed dishes are based on traditional regional recipes and are the specialty of the Karol\u00f3wka Restaurant.<br \/>Red or white wine is served with the dinner.<\/p>\n<p><b data-path-to-node=\"11\" data-index-in-node=\"0\">Voucher \u2013 Romantic Dinner for Two Zakopane<\/b> \u2013 Information is provided by the Hotel Dw\u00f3r Karol\u00f3wka*** reception.<\/p>\n<p>[\/et_pb_cta][\/et_pb_column][\/et_pb_row][\/et_pb_section]<\/p>\n","protected":false},"excerpt":{"rendered":"<p>Romantic dinner for couples &#8211; Zakopane &#8211; Hotel Dw\u00f3r Karol\u00f3wka RestaurantWe invite you to a special candlelit dinner with a carefully selected menu at the Karol\u00f3wka Hotel Restaurant. A special table arrangement and a red rose will ensure a romantic and intimate atmosphere for your evening.Romantic dinner for couples &#8211; price for two people is [&hellip;]<\/p>\n","protected":false},"author":4,"featured_media":264,"parent":0,"menu_order":0,"comment_status":"closed","ping_status":"closed","template":"","meta":{"_et_pb_use_builder":"on","_et_pb_old_content":"<p>Dinner for Couples Zakopane<\/p>","_et_gb_content_width":"","footnotes":""},"class_list":["post-10893","page","type-page","status-publish","has-post-thumbnail","hentry"],"_links":{"self":[{"href":"https:\/\/karolowka.pl\/en\/wp-json\/wp\/v2\/pages\/10893","targetHints":{"allow":["GET"]}}],"collection":[{"href":"https:\/\/karolowka.pl\/en\/wp-json\/wp\/v2\/pages"}],"about":[{"href":"https:\/\/karolowka.pl\/en\/wp-json\/wp\/v2\/types\/page"}],"author":[{"embeddable":true,"href":"https:\/\/karolowka.pl\/en\/wp-json\/wp\/v2\/users\/4"}],"replies":[{"embeddable":true,"href":"https:\/\/karolowka.pl\/en\/wp-json\/wp\/v2\/comments?post=10893"}],"version-history":[{"count":19,"href":"https:\/\/karolowka.pl\/en\/wp-json\/wp\/v2\/pages\/10893\/revisions"}],"predecessor-version":[{"id":31713,"href":"https:\/\/karolowka.pl\/en\/wp-json\/wp\/v2\/pages\/10893\/revisions\/31713"}],"wp:featuredmedia":[{"embeddable":true,"href":"https:\/\/karolowka.pl\/en\/wp-json\/wp\/v2\/media\/264"}],"wp:attachment":[{"href":"https:\/\/karolowka.pl\/en\/wp-json\/wp\/v2\/media?parent=10893"}],"curies":[{"name":"wp","href":"https:\/\/api.w.org\/{rel}","templated":true}]}}