{"id":10911,"date":"2018-05-14T18:25:24","date_gmt":"2018-05-14T16:25:24","guid":{"rendered":"https:\/\/karolowka.pl\/en\/?page_id=10911"},"modified":"2018-06-04T19:21:35","modified_gmt":"2018-06-04T17:21:35","slug":"conference-catering-services","status":"publish","type":"page","link":"https:\/\/karolowka.pl\/en\/conference-catering-services\/","title":{"rendered":"Conference catering services"},"content":{"rendered":"<p>[et_pb_section bb_built=&#8221;1&#8243; admin_label=&#8221;section&#8221; _builder_version=&#8221;3.2.2&#8243; background_image=&#8221;https:\/\/karolowka.pl\/en\/wp-content\/uploads\/sites\/2\/2018\/05\/\u015bniadanie-wielkanocne-zakopane-restauracja-hotelu-dw\u00f3r-karol\u00f3wka-min-1.jpg&#8221;][et_pb_row admin_label=&#8221;row&#8221; background_position=&#8221;top_left&#8221; background_repeat=&#8221;repeat&#8221; background_size=&#8221;initial&#8221; _builder_version=&#8221;3.2.2&#8243; background_color_1=&#8221;rgba(255,255,255,0.84)&#8221; padding_top_1=&#8221;5%&#8221; padding_right_1=&#8221;5%&#8221; padding_bottom_1=&#8221;5%&#8221; padding_left_1=&#8221;5%&#8221;][et_pb_column type=&#8221;4_4&#8243;][et_pb_text admin_label=&#8221;Text&#8221; background_layout=&#8221;light&#8221; text_orientation=&#8221;justified&#8221; use_border_color=&#8221;off&#8221; border_color=&#8221;#ffffff&#8221; border_style=&#8221;solid&#8221; background_position=&#8221;top_left&#8221; background_repeat=&#8221;repeat&#8221; background_size=&#8221;initial&#8221;]<\/p>\n<h2>Conference catering services<\/h2>\n<h3>Coffee break catering:<\/h3>\n<p><strong>Set I <\/strong><\/p>\n<ul>\n<li>coffee<\/li>\n<li>tea<\/li>\n<li>mineral water<\/li>\n<li>fruit juice<\/li>\n<\/ul>\n<p><strong>Set II <\/strong><\/p>\n<ul>\n<li>coffee<\/li>\n<li>tea<\/li>\n<li>mineral water<\/li>\n<li>fruit juice<\/li>\n<li>three types biscuits<\/li>\n<\/ul>\n<p><strong>Set III <\/strong><\/p>\n<ul>\n<li>coffee<\/li>\n<li>tea<\/li>\n<li>mineral water<\/li>\n<li>fruit juice<\/li>\n<li>three types of biscuits<\/li>\n<li>sandwiches<\/li>\n<li>fruit<\/li>\n<\/ul>\n<p>[\/et_pb_text][\/et_pb_column][\/et_pb_row][\/et_pb_section]<\/p>\n","protected":false},"excerpt":{"rendered":"<p>Conference catering services Coffee break catering: Set I coffee tea mineral water fruit juice Set II coffee tea mineral water fruit juice three types biscuits Set III coffee tea mineral water fruit juice three types of biscuits sandwiches fruit<\/p>\n","protected":false},"author":4,"featured_media":262,"parent":0,"menu_order":0,"comment_status":"closed","ping_status":"closed","template":"","meta":{"_et_pb_use_builder":"on","_et_pb_old_content":"<p>Conference catering services<\/p>","_et_gb_content_width":"","footnotes":""},"class_list":["post-10911","page","type-page","status-publish","has-post-thumbnail","hentry"],"_links":{"self":[{"href":"https:\/\/karolowka.pl\/en\/wp-json\/wp\/v2\/pages\/10911","targetHints":{"allow":["GET"]}}],"collection":[{"href":"https:\/\/karolowka.pl\/en\/wp-json\/wp\/v2\/pages"}],"about":[{"href":"https:\/\/karolowka.pl\/en\/wp-json\/wp\/v2\/types\/page"}],"author":[{"embeddable":true,"href":"https:\/\/karolowka.pl\/en\/wp-json\/wp\/v2\/users\/4"}],"replies":[{"embeddable":true,"href":"https:\/\/karolowka.pl\/en\/wp-json\/wp\/v2\/comments?post=10911"}],"version-history":[{"count":6,"href":"https:\/\/karolowka.pl\/en\/wp-json\/wp\/v2\/pages\/10911\/revisions"}],"predecessor-version":[{"id":29175,"href":"https:\/\/karolowka.pl\/en\/wp-json\/wp\/v2\/pages\/10911\/revisions\/29175"}],"wp:featuredmedia":[{"embeddable":true,"href":"https:\/\/karolowka.pl\/en\/wp-json\/wp\/v2\/media\/262"}],"wp:attachment":[{"href":"https:\/\/karolowka.pl\/en\/wp-json\/wp\/v2\/media?parent=10911"}],"curies":[{"name":"wp","href":"https:\/\/api.w.org\/{rel}","templated":true}]}}