{"id":10929,"date":"2018-05-14T18:33:17","date_gmt":"2018-05-14T16:33:17","guid":{"rendered":"https:\/\/karolowka.pl\/en\/?page_id=10929"},"modified":"2024-01-18T13:23:01","modified_gmt":"2024-01-18T12:23:01","slug":"last-minute-zakopane","status":"publish","type":"page","link":"https:\/\/karolowka.pl\/en\/last-minute-zakopane\/","title":{"rendered":"Last Minute Zakopane"},"content":{"rendered":"<p>[et_pb_section fb_built=&#8221;1&#8243; admin_label=&#8221;section&#8221; _builder_version=&#8221;4.16&#8243; background_image=&#8221;http:\/\/karolowka.pl\/wp-content\/uploads\/2017\/07\/oferty-last-minute-hotel-dw\u00f3r-karol\u00f3wka-zakopane.jpg&#8221; parallax=&#8221;on&#8221; parallax_method=&#8221;off&#8221; transparent_background=&#8221;off&#8221; make_fullwidth=&#8221;off&#8221; use_custom_width=&#8221;off&#8221; width_unit=&#8221;on&#8221; global_colors_info=&#8221;{}&#8221;][et_pb_row admin_label=&#8221;row&#8221; _builder_version=&#8221;4.16&#8243; background_color=&#8221;rgba(252,252,252,0.92)&#8221; background_size=&#8221;initial&#8221; background_position=&#8221;top_left&#8221; background_repeat=&#8221;repeat&#8221; make_fullwidth=&#8221;off&#8221; use_custom_width=&#8221;off&#8221; width_unit=&#8221;on&#8221; global_colors_info=&#8221;{}&#8221;][et_pb_column type=&#8221;4_4&#8243; _builder_version=&#8221;4.16&#8243; custom_padding=&#8221;|||&#8221; global_colors_info=&#8221;{}&#8221; custom_padding__hover=&#8221;|||&#8221;][et_pb_text _builder_version=&#8221;4.16&#8243; background_size=&#8221;initial&#8221; background_position=&#8221;top_left&#8221; background_repeat=&#8221;repeat&#8221; text_orientation=&#8221;center&#8221; module_alignment=&#8221;center&#8221; use_border_color=&#8221;off&#8221; saved_tabs=&#8221;all&#8221; global_colors_info=&#8221;{}&#8221;]<\/p>\n<h1>Actually offers Last Minute Zakopane Hotel Dw\u00f3r Karol\u00f3wka<\/h1>\n<p>Number of offers limited, lead time &#8211; current week.<br \/>\n[\/et_pb_text][\/et_pb_column][\/et_pb_row][et_pb_row column_structure=&#8221;1_2,1_2&#8243; admin_label=&#8221;row&#8221; _builder_version=&#8221;4.16&#8243; background_color=&#8221;rgba(255,255,255,0.9)&#8221; background_size=&#8221;initial&#8221; background_position=&#8221;top_left&#8221; background_repeat=&#8221;repeat&#8221; make_fullwidth=&#8221;off&#8221; use_custom_width=&#8221;off&#8221; width_unit=&#8221;on&#8221; global_colors_info=&#8221;{}&#8221;][et_pb_column type=&#8221;1_2&#8243; _builder_version=&#8221;4.16&#8243; custom_padding=&#8221;|||&#8221; global_colors_info=&#8221;{}&#8221; custom_padding__hover=&#8221;|||&#8221;][et_pb_blurb title=&#8221;Last Minute Promotion Zakopane Hotel Dw\u00f3r Karol\u00f3wka &#8211; Offer BB price 170,00 z\u0142 per 1 person\/one day, Offer HB price 235,00z\u0142 per 1 person\/one day&#8221; image=&#8221;https:\/\/karolowka.pl\/en\/wp-content\/uploads\/sites\/2\/2018\/05\/last-minute-zakopane-tatry-dolina-roztoki.jpg&#8221; alt=&#8221;tatra mountains&#8221; admin_label=&#8221;Notka&#8221; _builder_version=&#8221;4.23.4&#8243; body_text_color=&#8221;#8b4500&#8243; background_color=&#8221;rgba(255,255,255,0.78)&#8221; background_size=&#8221;initial&#8221; background_position=&#8221;top_left&#8221; background_repeat=&#8221;repeat&#8221; max_width_tablet=&#8221;50px&#8221; custom_padding=&#8221;5%|5%|5%|5%&#8221; hover_enabled=&#8221;0&#8243; z_index_tablet=&#8221;500&#8243; header_text_shadow_horizontal_length_tablet=&#8221;0px&#8221; header_text_shadow_vertical_length_tablet=&#8221;0px&#8221; header_text_shadow_blur_strength_tablet=&#8221;1px&#8221; body_text_shadow_horizontal_length_tablet=&#8221;0px&#8221; body_text_shadow_vertical_length_tablet=&#8221;0px&#8221; body_text_shadow_blur_strength_tablet=&#8221;1px&#8221; body_link_text_shadow_horizontal_length_tablet=&#8221;0px&#8221; body_link_text_shadow_vertical_length_tablet=&#8221;0px&#8221; body_link_text_shadow_blur_strength_tablet=&#8221;1px&#8221; body_ul_text_shadow_horizontal_length_tablet=&#8221;0px&#8221; body_ul_text_shadow_vertical_length_tablet=&#8221;0px&#8221; body_ul_text_shadow_blur_strength_tablet=&#8221;1px&#8221; body_ol_text_shadow_horizontal_length_tablet=&#8221;0px&#8221; body_ol_text_shadow_vertical_length_tablet=&#8221;0px&#8221; body_ol_text_shadow_blur_strength_tablet=&#8221;1px&#8221; body_quote_text_shadow_horizontal_length_tablet=&#8221;0px&#8221; body_quote_text_shadow_vertical_length_tablet=&#8221;0px&#8221; body_quote_text_shadow_blur_strength_tablet=&#8221;1px&#8221; box_shadow_horizontal_tablet=&#8221;0px&#8221; box_shadow_vertical_tablet=&#8221;0px&#8221; box_shadow_blur_tablet=&#8221;40px&#8221; box_shadow_spread_tablet=&#8221;0px&#8221; box_shadow_horizontal_image_tablet=&#8221;0px&#8221; box_shadow_vertical_image_tablet=&#8221;0px&#8221; box_shadow_blur_image_tablet=&#8221;40px&#8221; box_shadow_spread_image_tablet=&#8221;0px&#8221; text_shadow_horizontal_length_tablet=&#8221;0px&#8221; text_shadow_vertical_length_tablet=&#8221;0px&#8221; text_shadow_blur_strength_tablet=&#8221;1px&#8221; saved_tabs=&#8221;all&#8221; global_colors_info=&#8221;{}&#8221; sticky_enabled=&#8221;0&#8243;]<\/p>\n<p><strong>Offer BB for two persons &#8211; 3 days (2 nights + breakfast) price 680,00PLN <\/strong>.<\/p>\n<p><strong>Offer HB for two persons &#8211; 3 days (2 nights + breakfast + dinner) price 940,00PLN <\/strong>.<\/p>\n<ul>\n<strong><span style=\"color: red\">The offer applies to reservations no longer than 1 week in advance and depends on room availability.<\/span><\/strong><\/p>\n<li>The offer includes double room standard<\/li>\n<li>Accommodation with breakfast (rich breakfast buffet &#8211; juices and coffee from the automatic coffee maker without restrictions)<\/li>\n<li>Only in the HB Package two-course dinner with dessert &#8211; two menu options to choose from every day<\/li>\n<li>The room equipped with service for hot drinks (electric kettle) and cold drinks, mineral water on arrival<\/li>\n<li>Billiards, table tennis, gym<\/li>\n<li>Monitored parking<\/li>\n<li>Internet WI-FI<\/li>\n<\/ul>\n<p>[\/et_pb_blurb][\/et_pb_column][et_pb_column type=&#8221;1_2&#8243; _builder_version=&#8221;4.16&#8243; custom_padding=&#8221;|||&#8221; global_colors_info=&#8221;{}&#8221; custom_padding__hover=&#8221;|||&#8221;][et_pb_blurb title=&#8221;-10% Romantic Offer Last Minute Zakopane Hotel Dw\u00f3r Karol\u00f3wka&#8221; image=&#8221;https:\/\/karolowka.pl\/wp-content\/uploads\/2017\/12\/romantycznie-w-karol\u00f3wce-zakopane-pakiet.jpg&#8221; alt=&#8221;Pakiet romantyczny Last Minute Zakopane Hotel Dw\u00f3r Karol\u00f3wka&#8221; _builder_version=&#8221;4.23.4&#8243; body_text_color=&#8221;#8b4500&#8243; background_color=&#8221;rgba(255,255,255,0.78)&#8221; background_size=&#8221;initial&#8221; background_position=&#8221;top_left&#8221; background_repeat=&#8221;repeat&#8221; max_width_tablet=&#8221;50px&#8221; custom_padding=&#8221;5%|5%|5%|5%&#8221; hover_enabled=&#8221;0&#8243; saved_tabs=&#8221;all&#8221; global_colors_info=&#8221;{}&#8221; sticky_enabled=&#8221;0&#8243;]<strong>Offer for two people &#8211; 3 days (2 nights) with half board, a romantic dinner, and a privately booked Spa area. Price of the package for a pair of 1095,00PLN<\/strong><br \/>\n<strong><span style=\"color: red\">The offer applies to reservations no longer than 1 week in advance and depends on room availability.<\/span><\/strong><\/p>\n<ul>\n<li>The offer includes a double Standard room, a rich buffet breakfast of Swedish. Juices and coffee from the maker without restrictions<\/li>\n<li>Two-course dinner with a dessert and a glass of wine on arrival for a 3-day stay &#8211; two menu options to choose from<\/li>\n<li>romantic dinner with a dessert and a glass of wine on the second day of your stay &#8211; a choice of four variants of an exclusive menu and a special arrangement of a table in a hotel restaurant or on request in a hotel room<\/li>\n<li>Sparkling wine with chocolates in the room<\/li>\n<li>possibility of booking a sauna and a jacuzzi for a specific hour<\/li>\n<li>In room service for hot and cold drinks and mineral water on arrival<\/li>\n<li>Billiards, table tennis, gym<\/li>\n<li>Monitored parking<\/li>\n<li>Internet WI-FI<\/li>\n<\/ul>\n<p>[\/et_pb_blurb][\/et_pb_column][\/et_pb_row][et_pb_row _builder_version=&#8221;4.16&#8243; background_color=&#8221;rgba(247,247,247,0.89)&#8221; background_size=&#8221;initial&#8221; background_position=&#8221;top_left&#8221; background_repeat=&#8221;repeat&#8221; make_fullwidth=&#8221;off&#8221; use_custom_width=&#8221;off&#8221; width_unit=&#8221;on&#8221; global_colors_info=&#8221;{}&#8221;][et_pb_column type=&#8221;4_4&#8243; _builder_version=&#8221;4.16&#8243; custom_padding=&#8221;|5%||5%&#8221; global_colors_info=&#8221;{}&#8221; custom_padding__hover=&#8221;|||&#8221;][et_pb_cta title=&#8221;<\/p>\n<h2> Check availability for the offer of your choice &#8211; Last Minute offer Zakopane Hotel Dw\u00f3r Karol\u00f3wka.<\/h2>\n<p>&#8221; button_url=&#8221;https:\/\/karolowka.pl\/en\/booking\/&#8221; button_text=&#8221;Check the availability of the offer&#8221; _builder_version=&#8221;4.17.3&#8243; body_text_color=&#8221;#8b4500&#8243; background_color=&#8221;rgba(255,255,255,0.78)&#8221; background_layout=&#8221;light&#8221; use_border_color=&#8221;off&#8221; saved_tabs=&#8221;all&#8221; global_colors_info=&#8221;{}&#8221; button_text_size__hover_enabled=&#8221;off&#8221; button_one_text_size__hover_enabled=&#8221;off&#8221; button_two_text_size__hover_enabled=&#8221;off&#8221; button_text_color__hover_enabled=&#8221;off&#8221; button_one_text_color__hover_enabled=&#8221;off&#8221; button_two_text_color__hover_enabled=&#8221;off&#8221; button_border_width__hover_enabled=&#8221;off&#8221; button_one_border_width__hover_enabled=&#8221;off&#8221; button_two_border_width__hover_enabled=&#8221;off&#8221; button_border_color__hover_enabled=&#8221;off&#8221; button_one_border_color__hover_enabled=&#8221;off&#8221; button_two_border_color__hover_enabled=&#8221;off&#8221; button_border_radius__hover_enabled=&#8221;off&#8221; button_one_border_radius__hover_enabled=&#8221;off&#8221; button_two_border_radius__hover_enabled=&#8221;off&#8221; button_letter_spacing__hover_enabled=&#8221;off&#8221; button_one_letter_spacing__hover_enabled=&#8221;off&#8221; button_two_letter_spacing__hover_enabled=&#8221;off&#8221; button_bg_color__hover_enabled=&#8221;off&#8221; button_one_bg_color__hover_enabled=&#8221;off&#8221; button_two_bg_color__hover_enabled=&#8221;off&#8221;][\/et_pb_cta][\/et_pb_column][\/et_pb_row][\/et_pb_section]<\/p>\n","protected":false},"excerpt":{"rendered":"<p>Actually offers Last Minute Zakopane Hotel Dw\u00f3r Karol\u00f3wka Number of offers limited, lead time &#8211; current week. Offer BB for two persons &#8211; 3 days (2 nights + breakfast) price 680,00PLN . Offer HB for two persons &#8211; 3 days (2 nights + breakfast + dinner) price 940,00PLN . The offer applies to reservations no [&hellip;]<\/p>\n","protected":false},"author":4,"featured_media":260,"parent":0,"menu_order":0,"comment_status":"closed","ping_status":"closed","template":"","meta":{"_et_pb_use_builder":"on","_et_pb_old_content":"<p>Last Minute Zakopane<\/p>","_et_gb_content_width":"","footnotes":""},"class_list":["post-10929","page","type-page","status-publish","has-post-thumbnail","hentry"],"_links":{"self":[{"href":"https:\/\/karolowka.pl\/en\/wp-json\/wp\/v2\/pages\/10929","targetHints":{"allow":["GET"]}}],"collection":[{"href":"https:\/\/karolowka.pl\/en\/wp-json\/wp\/v2\/pages"}],"about":[{"href":"https:\/\/karolowka.pl\/en\/wp-json\/wp\/v2\/types\/page"}],"author":[{"embeddable":true,"href":"https:\/\/karolowka.pl\/en\/wp-json\/wp\/v2\/users\/4"}],"replies":[{"embeddable":true,"href":"https:\/\/karolowka.pl\/en\/wp-json\/wp\/v2\/comments?post=10929"}],"version-history":[{"count":45,"href":"https:\/\/karolowka.pl\/en\/wp-json\/wp\/v2\/pages\/10929\/revisions"}],"predecessor-version":[{"id":31254,"href":"https:\/\/karolowka.pl\/en\/wp-json\/wp\/v2\/pages\/10929\/revisions\/31254"}],"wp:featuredmedia":[{"embeddable":true,"href":"https:\/\/karolowka.pl\/en\/wp-json\/wp\/v2\/media\/260"}],"wp:attachment":[{"href":"https:\/\/karolowka.pl\/en\/wp-json\/wp\/v2\/media?parent=10929"}],"curies":[{"name":"wp","href":"https:\/\/api.w.org\/{rel}","templated":true}]}}