{"id":10975,"date":"2018-05-14T19:02:37","date_gmt":"2018-05-14T17:02:37","guid":{"rendered":"https:\/\/karolowka.pl\/en\/?page_id=10975"},"modified":"2026-05-12T01:02:34","modified_gmt":"2026-05-11T23:02:34","slug":"restaurant-zakopane","status":"publish","type":"page","link":"https:\/\/karolowka.pl\/en\/restaurant-zakopane\/","title":{"rendered":"Restaurant Karol\u00f3wka"},"content":{"rendered":"<p>[et_pb_section fb_built=&#8221;1&#8243; admin_label=&#8221;section&#8221; _builder_version=&#8221;4.27.6&#8243; background_image=&#8221;https:\/\/karolowka.pl\/en\/wp-content\/uploads\/sites\/2\/2018\/05\/\u015bniadanie-wielkanocne-zakopane-restauracja-hotelu-dw\u00f3r-karol\u00f3wka-min-1.jpg&#8221; parallax=&#8221;on&#8221; parallax_method=&#8221;off&#8221; transparent_background=&#8221;off&#8221; make_fullwidth=&#8221;off&#8221; use_custom_width=&#8221;off&#8221; width_unit=&#8221;on&#8221; global_colors_info=&#8221;{}&#8221;][et_pb_row _builder_version=&#8221;4.16&#8243; background_color=&#8221;rgba(247,247,247,0.89)&#8221; background_size=&#8221;initial&#8221; background_position=&#8221;top_left&#8221; background_repeat=&#8221;repeat&#8221; make_fullwidth=&#8221;off&#8221; use_custom_width=&#8221;off&#8221; width_unit=&#8221;on&#8221; global_colors_info=&#8221;{}&#8221;][et_pb_column type=&#8221;4_4&#8243; _builder_version=&#8221;4.16&#8243; custom_padding=&#8221;0%|5%|5%|5%&#8221; global_colors_info=&#8221;{}&#8221; custom_padding__hover=&#8221;|||&#8221;][et_pb_cta title=&#8221;Restaurant Karol\u00f3wka Zakopane&#8221; button_text=&#8221;Book the restaurant offer&#8221; _builder_version=&#8221;4.27.6&#8243; body_text_color=&#8221;#8b4500&#8243; background_color=&#8221;rgba(255,255,255,0.78)&#8221; background_layout=&#8221;light&#8221; hover_enabled=&#8221;0&#8243; use_border_color=&#8221;off&#8221; saved_tabs=&#8221;all&#8221; global_colors_info=&#8221;{}&#8221; button_text_size__hover_enabled=&#8221;off&#8221; button_one_text_size__hover_enabled=&#8221;off&#8221; button_two_text_size__hover_enabled=&#8221;off&#8221; button_text_color__hover_enabled=&#8221;off&#8221; button_one_text_color__hover_enabled=&#8221;off&#8221; button_two_text_color__hover_enabled=&#8221;off&#8221; button_border_width__hover_enabled=&#8221;off&#8221; button_one_border_width__hover_enabled=&#8221;off&#8221; button_two_border_width__hover_enabled=&#8221;off&#8221; button_border_color__hover_enabled=&#8221;off&#8221; button_one_border_color__hover_enabled=&#8221;off&#8221; button_two_border_color__hover_enabled=&#8221;off&#8221; button_border_radius__hover_enabled=&#8221;off&#8221; button_one_border_radius__hover_enabled=&#8221;off&#8221; button_two_border_radius__hover_enabled=&#8221;off&#8221; button_letter_spacing__hover_enabled=&#8221;off&#8221; button_one_letter_spacing__hover_enabled=&#8221;off&#8221; button_two_letter_spacing__hover_enabled=&#8221;off&#8221; button_bg_color__hover_enabled=&#8221;off&#8221; button_one_bg_color__hover_enabled=&#8221;off&#8221; button_two_bg_color__hover_enabled=&#8221;off&#8221; sticky_enabled=&#8221;0&#8243;][\/et_pb_cta][et_pb_image src=&#8221;https:\/\/karolowka.pl\/en\/wp-content\/uploads\/sites\/2\/2026\/05\/restauracja1-scaled.jpg&#8221; alt=&#8221;restaurant&#8221; title_text=&#8221;Restaurant Karol\u00f3wka&#8221; align_tablet=&#8221;center&#8221; align_phone=&#8221;&#8221; align_last_edited=&#8221;on|desktop&#8221; _builder_version=&#8221;4.27.6&#8243; animation_style=&#8221;slide&#8221; animation_direction=&#8221;left&#8221; animation_duration=&#8221;500ms&#8221; animation_intensity_slide=&#8221;10%&#8221; hover_enabled=&#8221;0&#8243; use_border_color=&#8221;off&#8221; always_center_on_mobile=&#8221;on&#8221; global_colors_info=&#8221;{}&#8221; sticky_enabled=&#8221;0&#8243;][\/et_pb_image][et_pb_text _builder_version=&#8221;4.27.6&#8243; background_size=&#8221;initial&#8221; background_position=&#8221;top_left&#8221; background_repeat=&#8221;repeat&#8221; text_orientation=&#8221;justified&#8221; hover_enabled=&#8221;0&#8243; use_border_color=&#8221;off&#8221; saved_tabs=&#8221;all&#8221; global_colors_info=&#8221;{}&#8221; sticky_enabled=&#8221;0&#8243;]<\/p>\n<h3>The Karol\u00f3wka restaurant offers traditional regional cuisine. We use locally sourced ingredients.<\/h3>\n<p>[\/et_pb_text][et_pb_gallery gallery_ids=&#8221;32232,32233,32234,32235,32236,32237,32238,32239,32240,32242,32243,32244,32246,32247,32227,32225,30005,28938,28935,28934,28933,28932,28927,28923,28922,28926,28925,28924,28920,28919,28918,304,285,286,264,263,262,246,245,244,243,242,241,238,234,232,214,205,209,213,202,176,175,150,149,161,142,75,74,73,72,69,66,67,65,64,63,57&#8243; posts_number=&#8221;12&#8243; show_title_and_caption=&#8221;off&#8221; zoom_icon_color=&#8221;#8b4500&#8243; _builder_version=&#8221;4.27.6&#8243; hover_enabled=&#8221;0&#8243; pagination_font_size_tablet=&#8221;51&#8243; pagination_line_height_tablet=&#8221;2&#8243; use_border_color=&#8221;off&#8221; global_colors_info=&#8221;{}&#8221; sticky_enabled=&#8221;0&#8243;][\/et_pb_gallery][\/et_pb_column][\/et_pb_row][et_pb_row column_structure=&#8221;1_3,1_3,1_3&#8243; admin_label=&#8221;row&#8221; _builder_version=&#8221;4.16&#8243; background_size=&#8221;initial&#8221; background_position=&#8221;top_left&#8221; background_repeat=&#8221;repeat&#8221; global_colors_info=&#8221;{}&#8221;][et_pb_column type=&#8221;1_3&#8243; _builder_version=&#8221;4.16&#8243; custom_padding=&#8221;|||&#8221; global_colors_info=&#8221;{}&#8221; custom_padding__hover=&#8221;|||&#8221;][et_pb_blurb title=&#8221;Restaurant Karol\u00f3wka&#8221; url=&#8221;https:\/\/karolowka.pl\/en\/o-restauracji\/&#8221; image=&#8221;https:\/\/karolowka.pl\/en\/wp-content\/uploads\/sites\/2\/2018\/05\/o-restauracji.jpg&#8221; alt=&#8221;Restauracja karol\u00f3wka Pstr\u0105g&#8221; image_icon_width=&#8221;none&#8221; _builder_version=&#8221;4.27.6&#8243; body_text_color=&#8221;#8b4500&#8243; background_color=&#8221;rgba(255,255,255,0.78)&#8221; background_size=&#8221;initial&#8221; background_position=&#8221;top_left&#8221; background_repeat=&#8221;repeat&#8221; text_orientation=&#8221;center&#8221; custom_padding=&#8221;5%|5%|5%|5%&#8221; hover_enabled=&#8221;0&#8243; use_border_color=&#8221;off&#8221; border_color=&#8221;#ffffff&#8221; border_style=&#8221;solid&#8221; image_max_width=&#8221;none&#8221; use_circle=&#8221;off&#8221; use_circle_border=&#8221;off&#8221; circle_border_color=&#8221;#8b4500&#8243; circle_color=&#8221;#8b4500&#8243; saved_tabs=&#8221;all&#8221; global_colors_info=&#8221;{}&#8221; sticky_enabled=&#8221;0&#8243;]<\/p>\n<p>Taste the specialties of the Tatra Mountain region. Our strength lies in regional recipes and seasonal local products.<\/p>\n<p>[\/et_pb_blurb][\/et_pb_column][et_pb_column type=&#8221;1_3&#8243; _builder_version=&#8221;4.16&#8243; custom_padding=&#8221;|||&#8221; global_colors_info=&#8221;{}&#8221; custom_padding__hover=&#8221;|||&#8221;][et_pb_blurb title=&#8221;Menu &#8211; Restaurant Karol\u00f3wka Zakopane&#8221; url=&#8221;https:\/\/karolowka.pl\/en\/menu\/&#8221; image=&#8221;https:\/\/karolowka.pl\/en\/wp-content\/uploads\/sites\/2\/2018\/05\/menu.jpg&#8221; alt=&#8221;menu restauracji zakopane&#8221; image_icon_width=&#8221;none&#8221; _builder_version=&#8221;4.27.6&#8243; body_text_color=&#8221;#8b4500&#8243; background_color=&#8221;rgba(255,255,255,0.78)&#8221; background_size=&#8221;initial&#8221; background_position=&#8221;top_left&#8221; background_repeat=&#8221;repeat&#8221; text_orientation=&#8221;center&#8221; custom_padding=&#8221;5%|5%|5%|5%&#8221; hover_enabled=&#8221;0&#8243; use_border_color=&#8221;off&#8221; border_color=&#8221;#ffffff&#8221; border_style=&#8221;solid&#8221; image_max_width=&#8221;none&#8221; use_circle=&#8221;off&#8221; use_circle_border=&#8221;off&#8221; circle_border_color=&#8221;#8b4500&#8243; circle_color=&#8221;#8b4500&#8243; saved_tabs=&#8221;all&#8221; global_colors_info=&#8221;{}&#8221; sticky_enabled=&#8221;0&#8243;]<\/p>\n<p>The offer a&#8217;la carte Restaurant Karol\u00f3wka in Zakopane. Enjoy traditional regional cuisine.<\/p>\n<p>[\/et_pb_blurb][\/et_pb_column][et_pb_column type=&#8221;1_3&#8243; _builder_version=&#8221;4.16&#8243; custom_padding=&#8221;|||&#8221; global_colors_info=&#8221;{}&#8221; custom_padding__hover=&#8221;|||&#8221;][et_pb_blurb title=&#8221;Wedding in Zakopane&#8221; url=&#8221;https:\/\/karolowka.pl\/en\/przyjecia-okolicznosciowe\/&#8221; image=&#8221;https:\/\/karolowka.pl\/en\/wp-content\/uploads\/sites\/2\/2018\/05\/przyjecia.jpg&#8221; alt=&#8221;wesela restauracja zakopane&#8221; image_icon_width=&#8221;none&#8221; _builder_version=&#8221;4.27.6&#8243; body_text_color=&#8221;#8b4500&#8243; background_color=&#8221;rgba(255,255,255,0.78)&#8221; background_size=&#8221;initial&#8221; background_position=&#8221;top_left&#8221; background_repeat=&#8221;repeat&#8221; text_orientation=&#8221;center&#8221; custom_padding=&#8221;5%|5%|5%|5%&#8221; hover_enabled=&#8221;0&#8243; use_border_color=&#8221;off&#8221; border_color=&#8221;#ffffff&#8221; border_style=&#8221;solid&#8221; image_max_width=&#8221;none&#8221; use_circle=&#8221;off&#8221; use_circle_border=&#8221;off&#8221; circle_border_color=&#8221;#8b4500&#8243; circle_color=&#8221;#8b4500&#8243; saved_tabs=&#8221;all&#8221; global_colors_info=&#8221;{}&#8221; sticky_enabled=&#8221;0&#8243;]<\/p>\n<p>A wedding in Zakopane, in the picturesque scenery of the Tatra Mountains &#8211; the wedding you dream of.<\/p>\n<p>[\/et_pb_blurb][\/et_pb_column][\/et_pb_row][\/et_pb_section]<\/p>\n","protected":false},"excerpt":{"rendered":"<p>The Karol\u00f3wka restaurant offers traditional regional cuisine. We use locally sourced ingredients.Taste the specialties of the Tatra Mountain region. Our strength lies in regional recipes and seasonal local products.The offer a&#8217;la carte Restaurant Karol\u00f3wka in Zakopane. Enjoy traditional regional cuisine.A wedding in Zakopane, in the picturesque scenery of the Tatra Mountains &#8211; the wedding you [&hellip;]<\/p>\n","protected":false},"author":4,"featured_media":28934,"parent":0,"menu_order":0,"comment_status":"closed","ping_status":"closed","template":"","meta":{"_et_pb_use_builder":"on","_et_pb_old_content":"<p>restaurant<\/p>","_et_gb_content_width":"","footnotes":""},"class_list":["post-10975","page","type-page","status-publish","has-post-thumbnail","hentry"],"_links":{"self":[{"href":"https:\/\/karolowka.pl\/en\/wp-json\/wp\/v2\/pages\/10975","targetHints":{"allow":["GET"]}}],"collection":[{"href":"https:\/\/karolowka.pl\/en\/wp-json\/wp\/v2\/pages"}],"about":[{"href":"https:\/\/karolowka.pl\/en\/wp-json\/wp\/v2\/types\/page"}],"author":[{"embeddable":true,"href":"https:\/\/karolowka.pl\/en\/wp-json\/wp\/v2\/users\/4"}],"replies":[{"embeddable":true,"href":"https:\/\/karolowka.pl\/en\/wp-json\/wp\/v2\/comments?post=10975"}],"version-history":[{"count":28,"href":"https:\/\/karolowka.pl\/en\/wp-json\/wp\/v2\/pages\/10975\/revisions"}],"predecessor-version":[{"id":32484,"href":"https:\/\/karolowka.pl\/en\/wp-json\/wp\/v2\/pages\/10975\/revisions\/32484"}],"wp:featuredmedia":[{"embeddable":true,"href":"https:\/\/karolowka.pl\/en\/wp-json\/wp\/v2\/media\/28934"}],"wp:attachment":[{"href":"https:\/\/karolowka.pl\/en\/wp-json\/wp\/v2\/media?parent=10975"}],"curies":[{"name":"wp","href":"https:\/\/api.w.org\/{rel}","templated":true}]}}