{"id":11006,"date":"2018-05-14T19:21:08","date_gmt":"2018-05-14T17:21:08","guid":{"rendered":"https:\/\/karolowka.pl\/en\/?page_id=11006"},"modified":"2026-03-13T18:16:24","modified_gmt":"2026-03-13T17:16:24","slug":"family-vacation","status":"publish","type":"page","link":"https:\/\/karolowka.pl\/en\/family-vacation\/","title":{"rendered":"Family Vacation"},"content":{"rendered":"<p>[et_pb_section fb_built=&#8221;1&#8243; admin_label=&#8221;section&#8221; _builder_version=&#8221;4.16&#8243; background_image=&#8221;https:\/\/karolowka.pl\/en\/wp-content\/uploads\/sites\/2\/2018\/05\/wakacje-zakopane-wczasy-min.jpg&#8221; parallax=&#8221;on&#8221; parallax_method=&#8221;off&#8221; transparent_background=&#8221;off&#8221; make_fullwidth=&#8221;off&#8221; use_custom_width=&#8221;off&#8221; width_unit=&#8221;on&#8221; global_colors_info=&#8221;{}&#8221;][et_pb_row admin_label=&#8221;row&#8221; _builder_version=&#8221;4.16&#8243; background_color=&#8221;rgba(252,252,252,0.78)&#8221; background_size=&#8221;initial&#8221; background_position=&#8221;top_left&#8221; background_repeat=&#8221;repeat&#8221; make_fullwidth=&#8221;off&#8221; use_custom_width=&#8221;off&#8221; width_unit=&#8221;on&#8221; global_colors_info=&#8221;{}&#8221;][et_pb_column type=&#8221;4_4&#8243; _builder_version=&#8221;4.16&#8243; custom_padding=&#8221;|||&#8221; global_colors_info=&#8221;{}&#8221; custom_padding__hover=&#8221;|||&#8221;][et_pb_text _builder_version=&#8221;4.27.4&#8243; background_size=&#8221;initial&#8221; background_position=&#8221;top_left&#8221; background_repeat=&#8221;repeat&#8221; text_orientation=&#8221;center&#8221; module_alignment=&#8221;center&#8221; use_border_color=&#8221;off&#8221; border_color=&#8221;#ffffff&#8221; border_style=&#8221;solid&#8221; saved_tabs=&#8221;all&#8221; global_colors_info=&#8221;{}&#8221;]<\/p>\n<h2>Family vacation in the Tatra Mountains &#8211; Hotel Dw\u00f3r Karol\u00f3wka<\/h2>\n<p>[\/et_pb_text][\/et_pb_column][\/et_pb_row][et_pb_row _builder_version=&#8221;4.16&#8243; background_color=&#8221;rgba(247,247,247,0.89)&#8221; background_size=&#8221;initial&#8221; background_position=&#8221;top_left&#8221; background_repeat=&#8221;repeat&#8221; make_fullwidth=&#8221;off&#8221; use_custom_width=&#8221;off&#8221; width_unit=&#8221;on&#8221; global_colors_info=&#8221;{}&#8221;][et_pb_column type=&#8221;4_4&#8243; _builder_version=&#8221;4.16&#8243; custom_padding=&#8221;0%|5%|5%|5%&#8221; global_colors_info=&#8221;{}&#8221; custom_padding__hover=&#8221;|||&#8221;][et_pb_image src=&#8221;http:\/\/karolowka.pl\/wp-content\/uploads\/2017\/05\/hotel-dw\u00f3r-karol\u00f3wka-wczasy-dla-rodzin-z-dzie\u0107mi-zakopane.jpg&#8221; alt=&#8221;wczasy dla rodzin z dzie\u0107mi zakopane&#8221; align_tablet=&#8221;center&#8221; align_phone=&#8221;&#8221; align_last_edited=&#8221;on|desktop&#8221; _builder_version=&#8221;4.16&#8243; animation_style=&#8221;slide&#8221; animation_direction=&#8221;left&#8221; animation_duration=&#8221;500ms&#8221; animation_intensity_slide=&#8221;10%&#8221; use_border_color=&#8221;off&#8221; border_color=&#8221;#ffffff&#8221; border_style=&#8221;solid&#8221; animation=&#8221;left&#8221; sticky=&#8221;off&#8221; always_center_on_mobile=&#8221;on&#8221; global_colors_info=&#8221;{}&#8221;][\/et_pb_image][et_pb_cta title=&#8221;<\/p>\n<h2>Family vacation in the Tatra Mountains<\/h2>\n<p>&#8221; button_url=&#8221;https:\/\/karolowka.pl\/en\/booking\/&#8221; button_text=&#8221;Check the availability of the offer&#8221; _builder_version=&#8221;4.27.6&#8243; body_text_color=&#8221;#8b4500&#8243; background_color=&#8221;rgba(255,255,255,0.78)&#8221; background_layout=&#8221;light&#8221; hover_enabled=&#8221;0&#8243; use_border_color=&#8221;off&#8221; saved_tabs=&#8221;all&#8221; global_colors_info=&#8221;{}&#8221; button_text_size__hover_enabled=&#8221;off&#8221; button_one_text_size__hover_enabled=&#8221;off&#8221; button_two_text_size__hover_enabled=&#8221;off&#8221; button_text_color__hover_enabled=&#8221;off&#8221; button_one_text_color__hover_enabled=&#8221;off&#8221; button_two_text_color__hover_enabled=&#8221;off&#8221; button_border_width__hover_enabled=&#8221;off&#8221; button_one_border_width__hover_enabled=&#8221;off&#8221; button_two_border_width__hover_enabled=&#8221;off&#8221; button_border_color__hover_enabled=&#8221;off&#8221; button_one_border_color__hover_enabled=&#8221;off&#8221; button_two_border_color__hover_enabled=&#8221;off&#8221; button_border_radius__hover_enabled=&#8221;off&#8221; button_one_border_radius__hover_enabled=&#8221;off&#8221; button_two_border_radius__hover_enabled=&#8221;off&#8221; button_letter_spacing__hover_enabled=&#8221;off&#8221; button_one_letter_spacing__hover_enabled=&#8221;off&#8221; button_two_letter_spacing__hover_enabled=&#8221;off&#8221; button_bg_color__hover_enabled=&#8221;off&#8221; button_one_bg_color__hover_enabled=&#8221;off&#8221; button_two_bg_color__hover_enabled=&#8221;off&#8221; sticky_enabled=&#8221;0&#8243;]<\/p>\n<h3>Family vacation offer with board, special amenities for children, and a wide range of one-day trips \u2013 the offer is available from June 26th, 2026, to September 30th, 2026.<\/h3>\n<p>The Tatra nature and the extraordinary climate of the fir forests surrounding the hotel, along with its location at approximately 1000m above sea level, have a beneficial effect on health and physical fitness.<\/p>\n<p><strong>Book your stay in June \u2013 and receive a 10% DISCOUNT!<\/strong><\/p>\n<table style=\"margin: auto\">\n<thead>\n<tr>\n<th style=\"width: 30%\">\u00a0<\/th>\n<th style=\"width: 35%\">BB accommodations with breakfast for one person<\/th>\n<th style=\"width: 35%\">HB accommodations with breakfast, dinner for one person<\/th>\n<\/tr>\n<\/thead>\n<tbody>\n<tr>\n<td>6 day (5 night)<\/td>\n<td>800,00 PLN<\/td>\n<td>1125,00 PLN<\/td>\n<\/tr>\n<tr>\n<td>7 day (6 night)<\/td>\n<td>930,00 PLN<\/td>\n<td>1320,00 PLN<\/td>\n<\/tr>\n<\/tbody>\n<\/table>\n<p><a href=\"https:\/\/karolowka.pl\/en\/wp-content\/uploads\/sites\/2\/2018\/05\/DSC02039.jpg\"><img loading=\"lazy\" decoding=\"async\" class=\"alignright wp-image-415 size-full\" src=\"https:\/\/karolowka.pl\/en\/wp-content\/uploads\/sites\/2\/2018\/05\/DSC02039.jpg\" alt=\"Wczasy dla rodzin z dzie\u0107mi\" width=\"300\" height=\"201\" \/><\/a><\/p>\n<ul>\n<li>\n<p data-path-to-node=\"6,0,0\"><b data-path-to-node=\"6,0,0\" data-index-in-node=\"0\">Additional fee for a room with a balcony<\/b> \u2013 information available at the hotel reception.<\/p>\n<\/li>\n<li>\n<p data-path-to-node=\"6,1,0\"><b data-path-to-node=\"6,1,0\" data-index-in-node=\"0\">Children aged 4-10:<\/b> 30% discount (dinner \u2013 child-size portions).<\/p>\n<\/li>\n<li>\n<p data-path-to-node=\"6,2,0\"><b data-path-to-node=\"6,2,0\" data-index-in-node=\"0\">Children up to 3 years old:<\/b> stay for free (without additional services).<\/p>\n<\/li>\n<li>\n<p data-path-to-node=\"6,3,0\"><b data-path-to-node=\"6,3,0\" data-index-in-node=\"0\">Baby cot in the room:<\/b> 35.00 PLN.<\/p>\n<\/li>\n<\/ul>\n<p><b data-path-to-node=\"6,4,0\" data-index-in-node=\"0\">Local city tax is mandatory<\/b> \u2013 2.00 PLN\/person\/night, payable exclusively in <b data-path-to-node=\"6,4,0\" data-index-in-node=\"76\">cash in Polish Zloty (PLN)<\/b>.<\/p>\n<p><strong>Included in the Family Vacation Package Zakopane 2026 price:<\/strong><\/p>\n<ul>\n<li><b data-path-to-node=\"8,0,0\" data-index-in-node=\"0\">Accommodation with breakfast<\/b> \u2013 rich buffet breakfast, juices, and unlimited bean-to-cup coffee.<\/li>\n<li><b data-path-to-node=\"8,1,0\" data-index-in-node=\"0\">HB package \u2013 two-course dinner:<\/b> soup, main course, and 0.25l still water per person. Dinner is served from 1:00 PM to 9:00 PM \u2013 two new menu variants to choose from every day. *Vegetarian\/vegan\/gluten-free meals are available upon request (please inform the reception of your dietary preferences in advance).<\/li>\n<li><b data-path-to-node=\"8,2,0\" data-index-in-node=\"0\">Family two-room studios<\/b> (for 4 or 5 people, configuration 2+2 or 2+3) or <b data-path-to-node=\"8,2,0\" data-index-in-node=\"73\">triple rooms<\/b> equipped with a fridge, beverage service for hot drinks (electric kettle) and cold drinks, mineral water on the day of arrival.<\/li>\n<li><b data-path-to-node=\"8,5,0\" data-index-in-node=\"0\">Sun loungers<\/b> for sunbathing in the hotel garden surrounded by the forests of the Tatra National Park.<\/li>\n<li><b data-path-to-node=\"8,3,0\" data-index-in-node=\"0\">Bottle warmer and baby bathtub<\/b> available upon request.<\/li>\n<li>Access to billiards, table tennis, and the gym.<\/li>\n<li>Children&#8217;s playground.<\/li>\n<li><b data-path-to-node=\"8,7,0\" data-index-in-node=\"0\">BBQ grill<\/b> available in the hotel garden.<\/li>\n<li>Monitored parking.<\/li>\n<li>Wi-Fi Internet access.<\/li>\n<li>VAT included<\/li>\n<\/ul>\n<p><strong>Single Room Supplement: An additional fee of 40.00 PLN per night applies for single-occupancy rooms.<\/strong><\/p>\n<p><strong>At an additional charge, we recommend:<\/strong><\/p>\n<ul>\n<li style=\"list-style-type: none\">\n<ul>\n<li>A varied offer of massages (classic therapeutic, sports, and relaxation) and skin care treatments (a package of 3 massages\/treatments with a discount)<\/li>\n<li><b data-path-to-node=\"9,2,0\" data-index-in-node=\"0\">Finnish saunas or jacuzzi<\/b>\u00a0reserved exclusively for a given room \u2013 20.00 PLN\/30 min\/ limit up to 4 people, children up to 14 years old free of charge and only under parental supervision.<\/li>\n<li><b data-path-to-node=\"9,4,0\" data-index-in-node=\"0\">Hotel Restaurant services<\/b>\u00a0specializing in regional Podhale dishes.<\/li>\n<li><b data-path-to-node=\"9,6,0\" data-index-in-node=\"0\">Possibility to purchase tickets<\/b>\u00a0for nearby thermal pools at the hotel reception \u2013 Terma Bukowina, Termy Chocho\u0142\u00f3w.<\/li>\n<li><b data-path-to-node=\"9,7,0\" data-index-in-node=\"0\">Possibility to purchase tickets<\/b>\u00a0for the cable car to Kasprowy Wierch and the funicular to Guba\u0142\u00f3wka at the hotel reception.<\/li>\n<\/ul>\n<\/li>\n<\/ul>\n<h2>Family vacation Zakopane &#8211; Hotel Dw\u00f3r Karol\u00f3wka<\/h2>\n<p>[\/et_pb_cta][\/et_pb_column][\/et_pb_row][\/et_pb_section]<\/p>\n","protected":false},"excerpt":{"rendered":"<p>Family vacation in the Tatra Mountains &#8211; Hotel Dw\u00f3r Karol\u00f3wka Family vacation offer with board, special amenities for children, and a wide range of one-day trips \u2013 the offer is available from June 26th, 2026, to September 30th, 2026. The Tatra nature and the extraordinary climate of the fir forests surrounding the hotel, along with [&hellip;]<\/p>\n","protected":false},"author":4,"featured_media":233,"parent":0,"menu_order":0,"comment_status":"closed","ping_status":"closed","template":"","meta":{"_et_pb_use_builder":"on","_et_pb_old_content":"<p>Family vacation<\/p>","_et_gb_content_width":"","footnotes":""},"class_list":["post-11006","page","type-page","status-publish","has-post-thumbnail","hentry"],"_links":{"self":[{"href":"https:\/\/karolowka.pl\/en\/wp-json\/wp\/v2\/pages\/11006","targetHints":{"allow":["GET"]}}],"collection":[{"href":"https:\/\/karolowka.pl\/en\/wp-json\/wp\/v2\/pages"}],"about":[{"href":"https:\/\/karolowka.pl\/en\/wp-json\/wp\/v2\/types\/page"}],"author":[{"embeddable":true,"href":"https:\/\/karolowka.pl\/en\/wp-json\/wp\/v2\/users\/4"}],"replies":[{"embeddable":true,"href":"https:\/\/karolowka.pl\/en\/wp-json\/wp\/v2\/comments?post=11006"}],"version-history":[{"count":36,"href":"https:\/\/karolowka.pl\/en\/wp-json\/wp\/v2\/pages\/11006\/revisions"}],"predecessor-version":[{"id":31676,"href":"https:\/\/karolowka.pl\/en\/wp-json\/wp\/v2\/pages\/11006\/revisions\/31676"}],"wp:featuredmedia":[{"embeddable":true,"href":"https:\/\/karolowka.pl\/en\/wp-json\/wp\/v2\/media\/233"}],"wp:attachment":[{"href":"https:\/\/karolowka.pl\/en\/wp-json\/wp\/v2\/media?parent=11006"}],"curies":[{"name":"wp","href":"https:\/\/api.w.org\/{rel}","templated":true}]}}