{"id":28785,"date":"2018-05-17T19:15:21","date_gmt":"2018-05-17T17:15:21","guid":{"rendered":"https:\/\/karolowka.pl\/en\/?page_id=28785"},"modified":"2026-03-17T13:57:55","modified_gmt":"2026-03-17T12:57:55","slug":"easter-zakopane","status":"publish","type":"page","link":"https:\/\/karolowka.pl\/en\/easter-zakopane\/","title":{"rendered":"Easter Zakopane"},"content":{"rendered":"<p>[et_pb_section fb_built=&#8221;1&#8243; admin_label=&#8221;section&#8221; _builder_version=&#8221;4.16&#8243; background_image=&#8221;https:\/\/karolowka.pl\/en\/wp-content\/uploads\/sites\/2\/2018\/05\/wielkanoc-zakopane-hotel-karolowka-min.jpg&#8221; parallax=&#8221;on&#8221; parallax_method=&#8221;off&#8221; global_colors_info=&#8221;{}&#8221;][et_pb_row admin_label=&#8221;row&#8221; _builder_version=&#8221;4.16&#8243; background_color=&#8221;rgba(252,252,252,0.78)&#8221; background_size=&#8221;initial&#8221; background_position=&#8221;top_left&#8221; background_repeat=&#8221;repeat&#8221; make_fullwidth=&#8221;off&#8221; use_custom_width=&#8221;off&#8221; width_unit=&#8221;on&#8221; global_colors_info=&#8221;{}&#8221;][et_pb_column type=&#8221;4_4&#8243; _builder_version=&#8221;4.16&#8243; custom_padding=&#8221;|||&#8221; global_colors_info=&#8221;{}&#8221; custom_padding__hover=&#8221;|||&#8221;][et_pb_text _builder_version=&#8221;4.27.6&#8243; text_orientation=&#8221;center&#8221; module_alignment=&#8221;center&#8221; use_border_color=&#8221;off&#8221; saved_tabs=&#8221;all&#8221; global_colors_info=&#8221;{}&#8221;]<\/p>\n<h2>Easter in Zakopane 2026 \u2013 Hotel Dw\u00f3r Karol\u00f3wka<\/h2>\n<p>[\/et_pb_text][\/et_pb_column][\/et_pb_row][et_pb_row _builder_version=&#8221;4.16&#8243; background_color=&#8221;rgba(247,247,247,0.89)&#8221; background_size=&#8221;initial&#8221; background_position=&#8221;top_left&#8221; background_repeat=&#8221;repeat&#8221; make_fullwidth=&#8221;off&#8221; use_custom_width=&#8221;off&#8221; width_unit=&#8221;on&#8221; global_colors_info=&#8221;{}&#8221;][et_pb_column type=&#8221;4_4&#8243; _builder_version=&#8221;4.16&#8243; custom_padding=&#8221;0%|5%|5%|5%&#8221; global_colors_info=&#8221;{}&#8221; custom_padding__hover=&#8221;|||&#8221;][et_pb_image src=&#8221;https:\/\/karolowka.pl\/wp-content\/uploads\/2018\/01\/wielkanoc-zakopane-\u015bwi\u0105teczny-pakiet-hotel-dw\u00f3r-karol\u00f3wka.jpg&#8221; alt=&#8221;Wielkanoc Zakopane&#8221; align_tablet=&#8221;center&#8221; align_phone=&#8221;&#8221; align_last_edited=&#8221;on|desktop&#8221; _builder_version=&#8221;4.16&#8243; animation_direction=&#8221;left&#8221; use_border_color=&#8221;off&#8221; always_center_on_mobile=&#8221;on&#8221; global_colors_info=&#8221;{}&#8221;][\/et_pb_image][et_pb_cta title=&#8221;<\/p>\n<h2>Easter Holiday 2026 Offer at the Hotel Dw\u00f3r Karol\u00f3wka<\/h2>\n<p>&#8221; button_url=&#8221;https:\/\/karolowka.pl\/en\/booking\/&#8221; button_text=&#8221;Check the availability of the offer&#8221; _builder_version=&#8221;4.27.6&#8243; body_text_color=&#8221;#8b4500&#8243; background_color=&#8221;rgba(255,255,255,0.78)&#8221; background_layout=&#8221;light&#8221; hover_enabled=&#8221;0&#8243; use_border_color=&#8221;off&#8221; saved_tabs=&#8221;all&#8221; global_colors_info=&#8221;{}&#8221; button_text_size__hover_enabled=&#8221;off&#8221; button_one_text_size__hover_enabled=&#8221;off&#8221; button_two_text_size__hover_enabled=&#8221;off&#8221; button_text_color__hover_enabled=&#8221;off&#8221; button_one_text_color__hover_enabled=&#8221;off&#8221; button_two_text_color__hover_enabled=&#8221;off&#8221; button_border_width__hover_enabled=&#8221;off&#8221; button_one_border_width__hover_enabled=&#8221;off&#8221; button_two_border_width__hover_enabled=&#8221;off&#8221; button_border_color__hover_enabled=&#8221;off&#8221; button_one_border_color__hover_enabled=&#8221;off&#8221; button_two_border_color__hover_enabled=&#8221;off&#8221; button_border_radius__hover_enabled=&#8221;off&#8221; button_one_border_radius__hover_enabled=&#8221;off&#8221; button_two_border_radius__hover_enabled=&#8221;off&#8221; button_letter_spacing__hover_enabled=&#8221;off&#8221; button_one_letter_spacing__hover_enabled=&#8221;off&#8221; button_two_letter_spacing__hover_enabled=&#8221;off&#8221; button_bg_color__hover_enabled=&#8221;off&#8221; button_one_bg_color__hover_enabled=&#8221;off&#8221; button_two_bg_color__hover_enabled=&#8221;off&#8221; sticky_enabled=&#8221;0&#8243;]<\/p>\n<h3>Celebrate a traditional family Easter in the heart of Zakopane. Our restaurant offers a special festive menu featuring traditional Easter dishes and homemade cakes with a unique regional twist.<\/h3>\n<p><strong>The Easter in Zakopane 2026 offer is available from April 2nd to April 6th, 2026.<\/strong><\/p>\n<table style=\"margin: auto\">\n<thead>\n<tr>\n<th style=\"width: 30% \">\u00a0<\/th>\n<th style=\"width: 35%\">BB offer for 1 person (breakfast)<\/th>\n<th style=\"width: 35%\">HB offer for 1 person (breakfast, dinner with dessert)<\/th>\n<\/tr>\n<\/thead>\n<tbody>\n<tr>\n<td style=\"width: 30%\">Package 3 day (2 night)<\/td>\n<td style=\"width: 35%\">540,00 PLN<\/td>\n<td style=\"width: 35%\">780,00 PLN<\/td>\n<\/tr>\n<tr>\n<td style=\"width: 30%\">Package 4 day (3 night)<\/td>\n<td style=\"width: 35%\">690,00 PLN<\/td>\n<td style=\"width: 259.757px\">990,00 PLN<\/td>\n<\/tr>\n<tr>\n<td style=\"width: 30%\">Package 5 day (4 night)<\/td>\n<td style=\"width: 35%\">870,00 PLN<\/td>\n<td style=\"width: 35%\">1230,00 PLN<\/td>\n<\/tr>\n<\/tbody>\n<\/table>\n<p>Additional fee for a room with a balcony or de Lux room is 20,00 PLN\/per day<br \/>Children under 3 (without additional services) \u2013 free of charge.<br \/>Children aged 4 to 10 get 30% discount.<\/p>\n<p><b data-path-to-node=\"3,0,0\" data-index-in-node=\"0\">Local city tax<\/b>\u00a0is mandatory \u2013\u00a0<b data-path-to-node=\"3,0,0\" data-index-in-node=\"30\">2.00 PLN\/person\/night<\/b>, payable\u00a0<b data-path-to-node=\"3,0,0\" data-index-in-node=\"61\">only in Polish Zloty (PLN) and in cash<\/b>.<\/p>\n<p><strong>The Easter in Zakopane 2026 Package includes:<\/strong><\/p>\n<ul>\n<li><b data-path-to-node=\"7,0,0\" data-index-in-node=\"0\">Accommodation with Breakfast<\/b> \u2013 Rich buffet breakfasts including daily Easter cakes, regional cold cuts and cheeses, and festive specialties: p\u00e2t\u00e9s, galantines, roasted meats, and fresh spring salads.<\/li>\n<li><b data-path-to-node=\"7,1,0\" data-index-in-node=\"0\">HB Option (Half Board)<\/b> \u2013 A festive two-course dinner: soup, main course, and dessert. Includes a 0.25l of still water per person. Each day features two menu variants to choose from (two options for soup and main course, plus dessert).<\/li>\n<li><b data-path-to-node=\"7,2,0\" data-index-in-node=\"0\">Special Festive Easter Sunday Breakfast<\/b> \u2013 Featuring traditional regional dishes and cakes.<\/li>\n<li>Electric kettle for hot drinks and a bottle of mineral water on the day of arrival.<\/li>\n<li>Access to the gym, billiards, and table tennis.<\/li>\n<li><b data-path-to-node=\"7,5,0\" data-index-in-node=\"0\">Wi-Fi Access<\/b> \u2013 Throughout the hotel.<\/li>\n<li>Monitored parking.<\/li>\n<li>VAT included<\/li>\n<\/ul>\n<p><img loading=\"lazy\" decoding=\"async\" class=\"alignright wp-image-580 size-full\" src=\"https:\/\/karolowka.pl\/en\/wp-content\/uploads\/sites\/2\/2018\/05\/welkanoc-strona.jpg\" alt=\"Easter Karol\u00f3wka\" width=\"300\" height=\"403\" \/><strong>Single Room Supplement: An additional fee of 40.00 PLN per night applies for single-occupancy rooms.<\/strong><\/p>\n<p><strong><a href=\"https:\/\/karolowka.pl\/en\/easter-breakfast-zakopane\/\"><span style=\"color: blue\">EASTER MENU<\/span><\/a><\/strong><\/p>\n<p><strong>At an additional charge, we recommend:<\/strong><\/p>\n<ul>\n<li><b data-path-to-node=\"10,0,0\" data-index-in-node=\"0\">Massage Therapy<\/b> \u2013 Classic therapeutic, sports, and relaxation massages. (See Massage Menu and Prices).(a package of 3 massages with an attractive discount)<\/li>\n<li><b data-path-to-node=\"10,1,0\" data-index-in-node=\"0\">Beauty &amp; Spa Treatments<\/b> \u2013 Professional cosmetic and skin care treatments. (See Treatment Menu and Prices). (a package of 3 treatments with an attractive discount)<\/li>\n<li><b data-path-to-node=\"10,2,0\" data-index-in-node=\"0\">Private Wellness Access<\/b> \u2013 Finnish saunas or Jacuzzi reserved exclusively for your room \u2013 20.00 PLN \/ 30 min (limit up to 4 people). Children under 14 years old free of charge (must be supervised by parents).<\/li>\n<li><b data-path-to-node=\"10,3,0\" data-index-in-node=\"0\">Hotel Restaurant Services<\/b> \u2013 Specializing in regional Podhale cuisine.<\/li>\n<li>\n<p data-path-to-node=\"10,5,0\"><b data-path-to-node=\"10,5,0\" data-index-in-node=\"0\">Tickets &amp; Tours<\/b> \u2013 Available at the reception: Thermal Bath tickets (Terma Bukowina, Chocho\u0142\u00f3w Thermal Baths), cable car tickets for Kasprowy Wierch and Guba\u0142\u00f3wka.<\/p>\n<\/li>\n<li>Nordic walking poles rental.<\/li>\n<\/ul>\n<p><strong>Near our hotel (c. 200 m) there is a historic Holy Heart Chapel in Jaszczur\u00f3wka designed by the distinguished artist Stanis\u0142aw Witkiewicz.<\/strong><\/p>\n<h3>Voucher &#8211; <b data-path-to-node=\"11\" data-index-in-node=\"0\">Easter Zakopane 2026 <\/b>&#8211; <b data-path-to-node=\"11\" data-index-in-node=\"0\"><\/b>For more information, please contact the Hotel Reception.<\/h3>\n<p>[\/et_pb_cta][\/et_pb_column][\/et_pb_row][\/et_pb_section]<\/p>\n","protected":false},"excerpt":{"rendered":"<p>Easter in Zakopane 2026 \u2013 Hotel Dw\u00f3r Karol\u00f3wkaCelebrate a traditional family Easter in the heart of Zakopane. Our restaurant offers a special festive menu featuring traditional Easter dishes and homemade cakes with a unique regional twist. The Easter in Zakopane 2026 offer is available from April 2nd to April 6th, 2026. \u00a0 BB offer for [&hellip;]<\/p>\n","protected":false},"author":4,"featured_media":28825,"parent":0,"menu_order":0,"comment_status":"closed","ping_status":"closed","template":"","meta":{"_et_pb_use_builder":"on","_et_pb_old_content":"","_et_gb_content_width":"","footnotes":""},"class_list":["post-28785","page","type-page","status-publish","has-post-thumbnail","hentry"],"_links":{"self":[{"href":"https:\/\/karolowka.pl\/en\/wp-json\/wp\/v2\/pages\/28785","targetHints":{"allow":["GET"]}}],"collection":[{"href":"https:\/\/karolowka.pl\/en\/wp-json\/wp\/v2\/pages"}],"about":[{"href":"https:\/\/karolowka.pl\/en\/wp-json\/wp\/v2\/types\/page"}],"author":[{"embeddable":true,"href":"https:\/\/karolowka.pl\/en\/wp-json\/wp\/v2\/users\/4"}],"replies":[{"embeddable":true,"href":"https:\/\/karolowka.pl\/en\/wp-json\/wp\/v2\/comments?post=28785"}],"version-history":[{"count":40,"href":"https:\/\/karolowka.pl\/en\/wp-json\/wp\/v2\/pages\/28785\/revisions"}],"predecessor-version":[{"id":31721,"href":"https:\/\/karolowka.pl\/en\/wp-json\/wp\/v2\/pages\/28785\/revisions\/31721"}],"wp:featuredmedia":[{"embeddable":true,"href":"https:\/\/karolowka.pl\/en\/wp-json\/wp\/v2\/media\/28825"}],"wp:attachment":[{"href":"https:\/\/karolowka.pl\/en\/wp-json\/wp\/v2\/media?parent=28785"}],"curies":[{"name":"wp","href":"https:\/\/api.w.org\/{rel}","templated":true}]}}